{"id":5204,"date":"2021-03-19T16:25:30","date_gmt":"2021-03-19T16:25:30","guid":{"rendered":"https:\/\/novinsa.com\/lavanderia-industrial\/?page_id=5204"},"modified":"2025-12-20T12:33:47","modified_gmt":"2025-12-20T17:33:47","slug":"novinsa-comercial","status":"publish","type":"page","link":"https:\/\/novinsa.com\/lavanderia-industrial\/novinsa-comercial\/","title":{"rendered":"NOVINSA COMERCIAL"},"content":{"rendered":"\t\t<div data-elementor-type=\"wp-page\" data-elementor-id=\"5204\" class=\"elementor elementor-5204\" data-elementor-post-type=\"page\">\n\t\t\t\t<div class=\"elementor-element elementor-element-1dfed18 e-con-full e-flex wpr-particle-no wpr-jarallax-no wpr-parallax-no wpr-sticky-section-no wpr-equal-height-no e-con e-parent\" data-id=\"1dfed18\" data-element_type=\"container\" data-e-type=\"container\" data-settings=\"{&quot;shape_divider_top&quot;:&quot;book&quot;}\">\n\t\t\t\t<div class=\"elementor-shape elementor-shape-top\" aria-hidden=\"true\" data-negative=\"false\">\n\t\t\t<svg xmlns=\"http:\/\/www.w3.org\/2000\/svg\" viewBox=\"0 0 1000 100\" preserveAspectRatio=\"none\">\n\t<path class=\"elementor-shape-fill\" d=\"M194,99c186.7,0.7,305-78.3,306-97.2c1,18.9,119.3,97.9,306,97.2c114.3-0.3,194,0.3,194,0.3s0-91.7,0-100c0,0,0,0,0-0 L0,0v99.3C0,99.3,79.7,98.7,194,99z\"\/>\n<\/svg>\t\t<\/div>\n\t\t<div class=\"elementor-element elementor-element-18604c3 e-con-full e-flex wpr-particle-no wpr-jarallax-no wpr-parallax-no wpr-sticky-section-no wpr-equal-height-no e-con e-child\" data-id=\"18604c3\" data-element_type=\"container\" data-e-type=\"container\" data-settings=\"{&quot;background_background&quot;:&quot;classic&quot;,&quot;shape_divider_bottom&quot;:&quot;arrow&quot;,&quot;shape_divider_bottom_negative&quot;:&quot;yes&quot;}\">\n\t\t\t\t<div class=\"elementor-shape elementor-shape-bottom\" aria-hidden=\"true\" data-negative=\"true\">\n\t\t\t<svg xmlns=\"http:\/\/www.w3.org\/2000\/svg\" viewBox=\"0 0 700 10\" preserveAspectRatio=\"none\">\n\t<path class=\"elementor-shape-fill\" d=\"M360 0L350 9.9 340 0 0 0 0 10 700 10 700 0\"\/>\n<\/svg>\t\t<\/div>\n\t\t\t\t<div class=\"elementor-element elementor-element-25a82d3 elementor-widget elementor-widget-heading\" data-id=\"25a82d3\" data-element_type=\"widget\" data-e-type=\"widget\" data-widget_type=\"heading.default\">\n\t\t\t\t<div class=\"elementor-widget-container\">\n\t\t\t\t\t<h2 class=\"elementor-heading-title elementor-size-default\">QUI\u00c9NES SOMOS<\/h2>\t\t\t\t<\/div>\n\t\t\t\t<\/div>\n\t\t\t\t<\/div>\n\t\t\t\t<\/div>\n\t\t\t\t<section class=\"elementor-section elementor-top-section elementor-element elementor-element-d622c8e elementor-section-boxed elementor-section-height-default elementor-section-height-default wpr-particle-no wpr-jarallax-no wpr-parallax-no wpr-sticky-section-no wpr-equal-height-no\" data-id=\"d622c8e\" data-element_type=\"section\" data-e-type=\"section\">\n\t\t\t\t\t\t<div class=\"elementor-container elementor-column-gap-default\">\n\t\t\t\t\t<div class=\"elementor-column elementor-col-100 elementor-top-column elementor-element elementor-element-c357323 elementor-invisible\" data-id=\"c357323\" data-element_type=\"column\" data-e-type=\"column\" data-settings=\"{&quot;animation&quot;:&quot;fadeInDown&quot;}\">\n\t\t\t<div class=\"elementor-widget-wrap elementor-element-populated\">\n\t\t\t\t\t\t<div class=\"elementor-element elementor-element-fcfa151 elementor-widget elementor-widget-heading\" data-id=\"fcfa151\" data-element_type=\"widget\" data-e-type=\"widget\" data-widget_type=\"heading.default\">\n\t\t\t\t<div class=\"elementor-widget-container\">\n\t\t\t\t\t<h2 class=\"elementor-heading-title elementor-size-default\">NOVINSA COMERCIAL S.A.<\/h2>\t\t\t\t<\/div>\n\t\t\t\t<\/div>\n\t\t\t\t<div class=\"elementor-element elementor-element-93cbe58 elementor-widget elementor-widget-text-editor\" data-id=\"93cbe58\" data-element_type=\"widget\" data-e-type=\"widget\" data-widget_type=\"text-editor.default\">\n\t\t\t\t<div class=\"elementor-widget-container\">\n\t\t\t\t\t\t\t\t\t<p>Empresa peruana con <strong>28 a\u00f1os<\/strong>\u00a0de experiencia en el mercado, desde nuestros inicios nos dedicamos a la importaci\u00f3n y comercializaci\u00f3n de las mejores marcas en lavander\u00eda industrial; as\u00ed mismo contamos con el mejor cuerpo t\u00e9cnico y un gran equipo de profesionales que brindan la asesor\u00eda necesaria para que nuestros clientes desarrollen su idea de negocio.<\/p>\t\t\t\t\t\t\t\t<\/div>\n\t\t\t\t<\/div>\n\t\t\t\t\t<\/div>\n\t\t<\/div>\n\t\t\t\t\t<\/div>\n\t\t<\/section>\n\t\t\t\t<section class=\"elementor-section elementor-top-section elementor-element elementor-element-d6f76a3 elementor-section-boxed elementor-section-height-default elementor-section-height-default wpr-particle-no wpr-jarallax-no wpr-parallax-no wpr-sticky-section-no wpr-equal-height-no\" data-id=\"d6f76a3\" data-element_type=\"section\" data-e-type=\"section\">\n\t\t\t\t\t\t<div class=\"elementor-container elementor-column-gap-default\">\n\t\t\t\t\t<div class=\"elementor-column elementor-col-50 elementor-top-column elementor-element elementor-element-4990784 elementor-invisible\" data-id=\"4990784\" data-element_type=\"column\" data-e-type=\"column\" data-settings=\"{&quot;background_background&quot;:&quot;classic&quot;,&quot;animation&quot;:&quot;fadeInLeft&quot;}\">\n\t\t\t<div class=\"elementor-widget-wrap elementor-element-populated\">\n\t\t\t\t\t\t<div class=\"elementor-element elementor-element-c8a9122 elementor-view-default elementor-widget elementor-widget-icon\" data-id=\"c8a9122\" data-element_type=\"widget\" data-e-type=\"widget\" data-widget_type=\"icon.default\">\n\t\t\t\t<div class=\"elementor-widget-container\">\n\t\t\t\t\t\t\t<div class=\"elementor-icon-wrapper\">\n\t\t\t<div class=\"elementor-icon\">\n\t\t\t<i aria-hidden=\"true\" class=\"fas fa-fingerprint\"><\/i>\t\t\t<\/div>\n\t\t<\/div>\n\t\t\t\t\t\t<\/div>\n\t\t\t\t<\/div>\n\t\t\t\t<div class=\"elementor-element elementor-element-d96264b elementor-widget elementor-widget-heading\" data-id=\"d96264b\" data-element_type=\"widget\" data-e-type=\"widget\" data-widget_type=\"heading.default\">\n\t\t\t\t<div class=\"elementor-widget-container\">\n\t\t\t\t\t<h2 class=\"elementor-heading-title elementor-size-default\">MISI\u00d3N<\/h2>\t\t\t\t<\/div>\n\t\t\t\t<\/div>\n\t\t\t\t<div class=\"elementor-element elementor-element-fdaa8fd elementor-widget elementor-widget-text-editor\" data-id=\"fdaa8fd\" data-element_type=\"widget\" data-e-type=\"widget\" data-widget_type=\"text-editor.default\">\n\t\t\t\t<div class=\"elementor-widget-container\">\n\t\t\t\t\t\t\t\t\t<p>Nuestro compromiso est\u00e1 enfocado en brindar asesor\u00eda especializada y calificada a todos nuestros clientes, concretando el desarrollo de ideas de negocios con desenvolvimiento sostenible y exitoso.<\/p>\t\t\t\t\t\t\t\t<\/div>\n\t\t\t\t<\/div>\n\t\t\t\t\t<\/div>\n\t\t<\/div>\n\t\t\t\t<div class=\"elementor-column elementor-col-50 elementor-top-column elementor-element elementor-element-d8f1dbf elementor-invisible\" data-id=\"d8f1dbf\" data-element_type=\"column\" data-e-type=\"column\" data-settings=\"{&quot;background_background&quot;:&quot;classic&quot;,&quot;animation&quot;:&quot;fadeInRight&quot;}\">\n\t\t\t<div class=\"elementor-widget-wrap elementor-element-populated\">\n\t\t\t\t\t\t<div class=\"elementor-element elementor-element-0829805 elementor-view-default elementor-widget elementor-widget-icon\" data-id=\"0829805\" data-element_type=\"widget\" data-e-type=\"widget\" data-widget_type=\"icon.default\">\n\t\t\t\t<div class=\"elementor-widget-container\">\n\t\t\t\t\t\t\t<div class=\"elementor-icon-wrapper\">\n\t\t\t<div class=\"elementor-icon\">\n\t\t\t<i aria-hidden=\"true\" class=\"far fa-eye\"><\/i>\t\t\t<\/div>\n\t\t<\/div>\n\t\t\t\t\t\t<\/div>\n\t\t\t\t<\/div>\n\t\t\t\t<div class=\"elementor-element elementor-element-b6d094c elementor-widget elementor-widget-heading\" data-id=\"b6d094c\" data-element_type=\"widget\" data-e-type=\"widget\" data-widget_type=\"heading.default\">\n\t\t\t\t<div class=\"elementor-widget-container\">\n\t\t\t\t\t<h2 class=\"elementor-heading-title elementor-size-default\">VISI\u00d3N<\/h2>\t\t\t\t<\/div>\n\t\t\t\t<\/div>\n\t\t\t\t<div class=\"elementor-element elementor-element-1dc5494 elementor-widget elementor-widget-text-editor\" data-id=\"1dc5494\" data-element_type=\"widget\" data-e-type=\"widget\" data-widget_type=\"text-editor.default\">\n\t\t\t\t<div class=\"elementor-widget-container\">\n\t\t\t\t\t\t\t\t\t<p>Llegar a ser la empresa l\u00edder en la comercializaci\u00f3n de equipos de lavander\u00eda industrial, reconocida por nuestra calidad, amplia experiencia en el mercado y la confiabilidad de nuestros clientes.<\/p>\t\t\t\t\t\t\t\t<\/div>\n\t\t\t\t<\/div>\n\t\t\t\t\t<\/div>\n\t\t<\/div>\n\t\t\t\t\t<\/div>\n\t\t<\/section>\n\t\t\t\t<section class=\"elementor-section elementor-top-section elementor-element elementor-element-e9d9917 elementor-section-boxed elementor-section-height-default elementor-section-height-default wpr-particle-no wpr-jarallax-no wpr-parallax-no wpr-sticky-section-no wpr-equal-height-no\" data-id=\"e9d9917\" data-element_type=\"section\" data-e-type=\"section\">\n\t\t\t\t\t\t<div class=\"elementor-container elementor-column-gap-default\">\n\t\t\t\t\t<div class=\"elementor-column elementor-col-100 elementor-top-column elementor-element elementor-element-a0da274 elementor-invisible\" data-id=\"a0da274\" data-element_type=\"column\" data-e-type=\"column\" data-settings=\"{&quot;background_background&quot;:&quot;classic&quot;,&quot;animation&quot;:&quot;fadeInUp&quot;}\">\n\t\t\t<div class=\"elementor-widget-wrap elementor-element-populated\">\n\t\t\t\t\t\t<div class=\"elementor-element elementor-element-560526e elementor-widget elementor-widget-heading\" data-id=\"560526e\" data-element_type=\"widget\" data-e-type=\"widget\" data-widget_type=\"heading.default\">\n\t\t\t\t<div class=\"elementor-widget-container\">\n\t\t\t\t\t<h2 class=\"elementor-heading-title elementor-size-default\">\u201cExpertos en equipamiento de lavander\u00eda industrial\u201d\n<\/h2>\t\t\t\t<\/div>\n\t\t\t\t<\/div>\n\t\t\t\t<div class=\"elementor-element elementor-element-343bdd0 elementor-widget elementor-widget-heading\" data-id=\"343bdd0\" data-element_type=\"widget\" data-e-type=\"widget\" data-widget_type=\"heading.default\">\n\t\t\t\t<div class=\"elementor-widget-container\">\n\t\t\t\t\t<h2 class=\"elementor-heading-title elementor-size-default\">Desarrollando ideas exitosas<\/h2>\t\t\t\t<\/div>\n\t\t\t\t<\/div>\n\t\t\t\t\t<\/div>\n\t\t<\/div>\n\t\t\t\t\t<\/div>\n\t\t<\/section>\n\t\t\t\t<\/div>\n\t\t","protected":false},"excerpt":{"rendered":"<p>QUI\u00c9NES SOMOS NOVINSA COMERCIAL S.A. Empresa peruana con 28 a\u00f1os\u00a0de experiencia en el mercado, desde nuestros inicios nos dedicamos a la importaci\u00f3n y comercializaci\u00f3n de las mejores marcas en lavander\u00eda industrial; as\u00ed mismo contamos con el mejor cuerpo t\u00e9cnico y un gran equipo de profesionales que brindan la asesor\u00eda necesaria para que nuestros clientes desarrollen su idea de negocio. MISI\u00d3N Nuestro compromiso est\u00e1 enfocado en brindar asesor\u00eda especializada y calificada a todos nuestros clientes, concretando el desarrollo de ideas de negocios con desenvolvimiento sostenible y exitoso. VISI\u00d3N Llegar a ser la empresa l\u00edder en la comercializaci\u00f3n de equipos de lavander\u00eda industrial, reconocida por nuestra calidad, amplia experiencia en el mercado y la confiabilidad de nuestros clientes. \u201cExpertos en equipamiento de lavander\u00eda industrial\u201d Desarrollando ideas exitosas<\/p>\n","protected":false},"author":2,"featured_media":0,"parent":0,"menu_order":0,"comment_status":"closed","ping_status":"closed","template":"","meta":{"_acf_changed":false,"site-sidebar-layout":"no-sidebar","site-content-layout":"plain-container","ast-site-content-layout":"","site-content-style":"default","site-sidebar-style":"default","ast-global-header-display":"","ast-banner-title-visibility":"","ast-main-header-display":"","ast-hfb-above-header-display":"","ast-hfb-below-header-display":"","ast-hfb-mobile-header-display":"","site-post-title":"disabled","ast-breadcrumbs-content":"","ast-featured-img":"disabled","footer-sml-layout":"","theme-transparent-header-meta":"","adv-header-id-meta":"","stick-header-meta":"","header-above-stick-meta":"","header-main-stick-meta":"","header-below-stick-meta":"","astra-migrate-meta-layouts":"default","ast-page-background-enabled":"default","ast-page-background-meta":{"desktop":{"background-color":"var(--ast-global-color-4)","background-image":"","background-repeat":"repeat","background-position":"center center","background-size":"auto","background-attachment":"scroll","background-type":"","background-media":"","overlay-type":"","overlay-color":"","overlay-opacity":"","overlay-gradient":""},"tablet":{"background-color":"","background-image":"","background-repeat":"repeat","background-position":"center center","background-size":"auto","background-attachment":"scroll","background-type":"","background-media":"","overlay-type":"","overlay-color":"","overlay-opacity":"","overlay-gradient":""},"mobile":{"background-color":"","background-image":"","background-repeat":"repeat","background-position":"center center","background-size":"auto","background-attachment":"scroll","background-type":"","background-media":"","overlay-type":"","overlay-color":"","overlay-opacity":"","overlay-gradient":""}},"ast-content-background-meta":{"desktop":{"background-color":"var(--ast-global-color-5)","background-image":"","background-repeat":"repeat","background-position":"center center","background-size":"auto","background-attachment":"scroll","background-type":"","background-media":"","overlay-type":"","overlay-color":"","overlay-opacity":"","overlay-gradient":""},"tablet":{"background-color":"var(--ast-global-color-5)","background-image":"","background-repeat":"repeat","background-position":"center center","background-size":"auto","background-attachment":"scroll","background-type":"","background-media":"","overlay-type":"","overlay-color":"","overlay-opacity":"","overlay-gradient":""},"mobile":{"background-color":"var(--ast-global-color-5)","background-image":"","background-repeat":"repeat","background-position":"center center","background-size":"auto","background-attachment":"scroll","background-type":"","background-media":"","overlay-type":"","overlay-color":"","overlay-opacity":"","overlay-gradient":""}},"_joinchat":[],"footnotes":""},"class_list":["post-5204","page","type-page","status-publish","hentry"],"acf":[],"yoast_head":"<!-- This site is optimized with the Yoast SEO plugin v27.4 - https:\/\/yoast.com\/product\/yoast-seo-wordpress\/ -->\n<title>NOVINSA COMERCIAL &#8211; Novinsa | Equipos de Lavander\u00eda Industrial<\/title>\n<meta name=\"description\" content=\"NOVINSA Venta de lavadoras y secadoras industriales para Hoteles. Lavadoras centr\u00edfugas industriales de calidad y de diversas capacidades de carga.\" \/>\n<meta name=\"robots\" content=\"index, follow, max-snippet:-1, max-image-preview:large, max-video-preview:-1\" \/>\n<link rel=\"canonical\" href=\"https:\/\/novinsa.com\/lavanderia-industrial\/novinsa-comercial\/\" \/>\n<meta property=\"og:locale\" content=\"es_ES\" \/>\n<meta property=\"og:type\" content=\"article\" \/>\n<meta property=\"og:title\" content=\"NOVINSA COMERCIAL &#8211; Novinsa | Equipos de Lavander\u00eda Industrial\" \/>\n<meta property=\"og:description\" content=\"NOVINSA Venta de lavadoras y secadoras industriales para Hoteles. Lavadoras centr\u00edfugas industriales de calidad y de diversas capacidades de carga.\" \/>\n<meta property=\"og:url\" content=\"https:\/\/novinsa.com\/lavanderia-industrial\/novinsa-comercial\/\" \/>\n<meta property=\"og:site_name\" content=\"Novinsa | Equipos de Lavander\u00eda Industrial\" \/>\n<meta property=\"article:publisher\" content=\"https:\/\/www.facebook.com\/novinsa.peru\" \/>\n<meta property=\"article:modified_time\" content=\"2025-12-20T17:33:47+00:00\" \/>\n<meta property=\"og:image\" content=\"https:\/\/novinsa.com\/lavanderia-industrial\/wp-content\/uploads\/2023\/03\/Mesa-de-trabajo-1-copia.png\" \/>\n\t<meta property=\"og:image:width\" content=\"1201\" \/>\n\t<meta property=\"og:image:height\" content=\"676\" \/>\n\t<meta property=\"og:image:type\" content=\"image\/png\" \/>\n<meta name=\"twitter:card\" content=\"summary_large_image\" \/>\n<meta name=\"twitter:label1\" content=\"Tiempo de lectura\" \/>\n\t<meta name=\"twitter:data1\" content=\"1 minuto\" \/>\n<script type=\"application\/ld+json\" class=\"yoast-schema-graph\">{\"@context\":\"https:\\\/\\\/schema.org\",\"@graph\":[{\"@type\":\"WebPage\",\"@id\":\"https:\\\/\\\/novinsa.com\\\/lavanderia-industrial\\\/novinsa-comercial\\\/\",\"url\":\"https:\\\/\\\/novinsa.com\\\/lavanderia-industrial\\\/novinsa-comercial\\\/\",\"name\":\"NOVINSA COMERCIAL &#8211; Novinsa | Equipos de Lavander\u00eda Industrial\",\"isPartOf\":{\"@id\":\"https:\\\/\\\/novinsa.com\\\/lavanderia-industrial\\\/#website\"},\"datePublished\":\"2021-03-19T16:25:30+00:00\",\"dateModified\":\"2025-12-20T17:33:47+00:00\",\"description\":\"NOVINSA Venta de lavadoras y secadoras industriales para Hoteles. Lavadoras centr\u00edfugas industriales de calidad y de diversas capacidades de carga.\",\"breadcrumb\":{\"@id\":\"https:\\\/\\\/novinsa.com\\\/lavanderia-industrial\\\/novinsa-comercial\\\/#breadcrumb\"},\"inLanguage\":\"es\",\"potentialAction\":[{\"@type\":\"ReadAction\",\"target\":[\"https:\\\/\\\/novinsa.com\\\/lavanderia-industrial\\\/novinsa-comercial\\\/\"]}]},{\"@type\":\"BreadcrumbList\",\"@id\":\"https:\\\/\\\/novinsa.com\\\/lavanderia-industrial\\\/novinsa-comercial\\\/#breadcrumb\",\"itemListElement\":[{\"@type\":\"ListItem\",\"position\":1,\"name\":\"Home\",\"item\":\"https:\\\/\\\/novinsa.com\\\/lavanderia-industrial\\\/\"},{\"@type\":\"ListItem\",\"position\":2,\"name\":\"NOVINSA COMERCIAL\"}]},{\"@type\":\"WebSite\",\"@id\":\"https:\\\/\\\/novinsa.com\\\/lavanderia-industrial\\\/#website\",\"url\":\"https:\\\/\\\/novinsa.com\\\/lavanderia-industrial\\\/\",\"name\":\"Novinsa | venta equipos para lavanderia industrial\",\"description\":\"Equipamiento en Lavander\u00eda Industrial\",\"publisher\":{\"@id\":\"https:\\\/\\\/novinsa.com\\\/lavanderia-industrial\\\/#organization\"},\"alternateName\":\"Novinsa Lavadoras industriales Per\u00fa\",\"potentialAction\":[{\"@type\":\"SearchAction\",\"target\":{\"@type\":\"EntryPoint\",\"urlTemplate\":\"https:\\\/\\\/novinsa.com\\\/lavanderia-industrial\\\/?s={search_term_string}\"},\"query-input\":{\"@type\":\"PropertyValueSpecification\",\"valueRequired\":true,\"valueName\":\"search_term_string\"}}],\"inLanguage\":\"es\"},{\"@type\":\"Organization\",\"@id\":\"https:\\\/\\\/novinsa.com\\\/lavanderia-industrial\\\/#organization\",\"name\":\"NOVINSA COMERCIAL SA\",\"alternateName\":\"Lavadoras industriales para hoteles\",\"url\":\"https:\\\/\\\/novinsa.com\\\/lavanderia-industrial\\\/\",\"logo\":{\"@type\":\"ImageObject\",\"inLanguage\":\"es\",\"@id\":\"https:\\\/\\\/novinsa.com\\\/lavanderia-industrial\\\/#\\\/schema\\\/logo\\\/image\\\/\",\"url\":\"https:\\\/\\\/novinsa.com\\\/lavanderia-industrial\\\/wp-content\\\/uploads\\\/2023\\\/03\\\/Mesa-de-trabajo-1-copia.png\",\"contentUrl\":\"https:\\\/\\\/novinsa.com\\\/lavanderia-industrial\\\/wp-content\\\/uploads\\\/2023\\\/03\\\/Mesa-de-trabajo-1-copia.png\",\"width\":1201,\"height\":676,\"caption\":\"NOVINSA COMERCIAL SA\"},\"image\":{\"@id\":\"https:\\\/\\\/novinsa.com\\\/lavanderia-industrial\\\/#\\\/schema\\\/logo\\\/image\\\/\"},\"sameAs\":[\"https:\\\/\\\/www.facebook.com\\\/novinsa.peru\",\"https:\\\/\\\/www.instagram.com\\\/novinsa.peru\\\/\",\"https:\\\/\\\/www.youtube.com\\\/@novinsacomercials.a.9294\"]}]}<\/script>\n<!-- \/ Yoast SEO plugin. -->","yoast_head_json":{"title":"NOVINSA COMERCIAL &#8211; Novinsa | Equipos de Lavander\u00eda Industrial","description":"NOVINSA Venta de lavadoras y secadoras industriales para Hoteles. Lavadoras centr\u00edfugas industriales de calidad y de diversas capacidades de carga.","robots":{"index":"index","follow":"follow","max-snippet":"max-snippet:-1","max-image-preview":"max-image-preview:large","max-video-preview":"max-video-preview:-1"},"canonical":"https:\/\/novinsa.com\/lavanderia-industrial\/novinsa-comercial\/","og_locale":"es_ES","og_type":"article","og_title":"NOVINSA COMERCIAL &#8211; Novinsa | Equipos de Lavander\u00eda Industrial","og_description":"NOVINSA Venta de lavadoras y secadoras industriales para Hoteles. Lavadoras centr\u00edfugas industriales de calidad y de diversas capacidades de carga.","og_url":"https:\/\/novinsa.com\/lavanderia-industrial\/novinsa-comercial\/","og_site_name":"Novinsa | Equipos de Lavander\u00eda Industrial","article_publisher":"https:\/\/www.facebook.com\/novinsa.peru","article_modified_time":"2025-12-20T17:33:47+00:00","og_image":[{"width":1201,"height":676,"url":"https:\/\/novinsa.com\/lavanderia-industrial\/wp-content\/uploads\/2023\/03\/Mesa-de-trabajo-1-copia.png","type":"image\/png"}],"twitter_card":"summary_large_image","twitter_misc":{"Tiempo de lectura":"1 minuto"},"schema":{"@context":"https:\/\/schema.org","@graph":[{"@type":"WebPage","@id":"https:\/\/novinsa.com\/lavanderia-industrial\/novinsa-comercial\/","url":"https:\/\/novinsa.com\/lavanderia-industrial\/novinsa-comercial\/","name":"NOVINSA COMERCIAL &#8211; Novinsa | Equipos de Lavander\u00eda Industrial","isPartOf":{"@id":"https:\/\/novinsa.com\/lavanderia-industrial\/#website"},"datePublished":"2021-03-19T16:25:30+00:00","dateModified":"2025-12-20T17:33:47+00:00","description":"NOVINSA Venta de lavadoras y secadoras industriales para Hoteles. Lavadoras centr\u00edfugas industriales de calidad y de diversas capacidades de carga.","breadcrumb":{"@id":"https:\/\/novinsa.com\/lavanderia-industrial\/novinsa-comercial\/#breadcrumb"},"inLanguage":"es","potentialAction":[{"@type":"ReadAction","target":["https:\/\/novinsa.com\/lavanderia-industrial\/novinsa-comercial\/"]}]},{"@type":"BreadcrumbList","@id":"https:\/\/novinsa.com\/lavanderia-industrial\/novinsa-comercial\/#breadcrumb","itemListElement":[{"@type":"ListItem","position":1,"name":"Home","item":"https:\/\/novinsa.com\/lavanderia-industrial\/"},{"@type":"ListItem","position":2,"name":"NOVINSA COMERCIAL"}]},{"@type":"WebSite","@id":"https:\/\/novinsa.com\/lavanderia-industrial\/#website","url":"https:\/\/novinsa.com\/lavanderia-industrial\/","name":"Novinsa | venta equipos para lavanderia industrial","description":"Equipamiento en Lavander\u00eda Industrial","publisher":{"@id":"https:\/\/novinsa.com\/lavanderia-industrial\/#organization"},"alternateName":"Novinsa Lavadoras industriales Per\u00fa","potentialAction":[{"@type":"SearchAction","target":{"@type":"EntryPoint","urlTemplate":"https:\/\/novinsa.com\/lavanderia-industrial\/?s={search_term_string}"},"query-input":{"@type":"PropertyValueSpecification","valueRequired":true,"valueName":"search_term_string"}}],"inLanguage":"es"},{"@type":"Organization","@id":"https:\/\/novinsa.com\/lavanderia-industrial\/#organization","name":"NOVINSA COMERCIAL SA","alternateName":"Lavadoras industriales para hoteles","url":"https:\/\/novinsa.com\/lavanderia-industrial\/","logo":{"@type":"ImageObject","inLanguage":"es","@id":"https:\/\/novinsa.com\/lavanderia-industrial\/#\/schema\/logo\/image\/","url":"https:\/\/novinsa.com\/lavanderia-industrial\/wp-content\/uploads\/2023\/03\/Mesa-de-trabajo-1-copia.png","contentUrl":"https:\/\/novinsa.com\/lavanderia-industrial\/wp-content\/uploads\/2023\/03\/Mesa-de-trabajo-1-copia.png","width":1201,"height":676,"caption":"NOVINSA COMERCIAL SA"},"image":{"@id":"https:\/\/novinsa.com\/lavanderia-industrial\/#\/schema\/logo\/image\/"},"sameAs":["https:\/\/www.facebook.com\/novinsa.peru","https:\/\/www.instagram.com\/novinsa.peru\/","https:\/\/www.youtube.com\/@novinsacomercials.a.9294"]}]}},"_links":{"self":[{"href":"https:\/\/novinsa.com\/lavanderia-industrial\/wp-json\/wp\/v2\/pages\/5204","targetHints":{"allow":["GET"]}}],"collection":[{"href":"https:\/\/novinsa.com\/lavanderia-industrial\/wp-json\/wp\/v2\/pages"}],"about":[{"href":"https:\/\/novinsa.com\/lavanderia-industrial\/wp-json\/wp\/v2\/types\/page"}],"author":[{"embeddable":true,"href":"https:\/\/novinsa.com\/lavanderia-industrial\/wp-json\/wp\/v2\/users\/2"}],"replies":[{"embeddable":true,"href":"https:\/\/novinsa.com\/lavanderia-industrial\/wp-json\/wp\/v2\/comments?post=5204"}],"version-history":[{"count":0,"href":"https:\/\/novinsa.com\/lavanderia-industrial\/wp-json\/wp\/v2\/pages\/5204\/revisions"}],"wp:attachment":[{"href":"https:\/\/novinsa.com\/lavanderia-industrial\/wp-json\/wp\/v2\/media?parent=5204"}],"curies":[{"name":"wp","href":"https:\/\/api.w.org\/{rel}","templated":true}]}}