{"id":10655,"date":"2015-10-28T09:55:56","date_gmt":"2015-10-28T14:55:56","guid":{"rendered":"https:\/\/novinsa.com\/lavanderia-industrial\/?post_type=product&#038;p=10655"},"modified":"2026-02-17T05:10:18","modified_gmt":"2026-02-17T10:10:18","slug":"maquina-para-secar-zapatillas-jordan","status":"publish","type":"product","link":"https:\/\/novinsa.com\/lavanderia-industrial\/producto\/maquina-para-secar-zapatillas-jordan\/","title":{"rendered":"M\u00e1quina para secar zapatillas Jordan"},"content":{"rendered":"<p><strong>SECADORA SNEAKER DRYER JORDAN: Eficiencia y tecnolog\u00eda para tu negocio\u00a0<\/strong> <\/p>\n<p>La m\u00e1quina secadora de zapatillas est\u00e1 dise\u00f1ada para revolucionar la forma en que secas calzado deportivo. Fabricada en acero inoxidable, ofrece una durabilidad excepcional y una capacidad para secar hasta 6 pares de zapatillas en solo 20-30 minutos. Su sistema de secado por ventilaci\u00f3n forzada asegura un secado r\u00e1pido y uniforme, mientras que el panel de control te permite regular f\u00e1cilmente la temperatura y el tiempo, brindando un secado preciso y seguro. <\/p>\n<p>Adem\u00e1s, cuenta con un bot\u00f3n de emergencia para garantizar la seguridad del operario y un dise\u00f1o compacto con patas regulables para adaptarse a cualquier espacio. Ideal para negocios que buscan velocidad y eficiencia en su servicio de secado de calzado. \u00a1Dale a tu lavander\u00eda el poder de secar zapatillas de forma profesional y r\u00e1pida! <\/p>\n<p><strong>Caracter\u00edsticas destacadas:<\/strong> <\/p>\n<p>\ud83d\uddf8 Secado hasta 6 pares de zapatillas en solo 20-30 minutos. <br \/>\n\ud83d\uddf8 Calentamiento el\u00e9ctrico con resistencias blindadas de acero inoxidable. <br \/>\n\ud83d\uddf8 Panel de control con regulaci\u00f3n de tiempo y temperatura. <br \/>\n\ud83d\uddf8 Fabricada en acero inoxidable para m\u00e1xima durabilidad. <br \/>\n\ud83d\uddf8 Dise\u00f1o compacto con patas regulables en altura. <br \/>\n\ud83d\uddf8\u00a1Mejora la eficiencia y la calidad de tu servicio con la m\u00e1quina secadora de zapatillas Novinsa! <\/p>\n","protected":false},"excerpt":{"rendered":"<p>SECADORA SNEAKER DRYER JORDAN: Eficiencia y tecnolog\u00eda para tu negocio\u00a0 La m\u00e1quina secadora de zapatillas est\u00e1 dise\u00f1ada para revolucionar la forma en que secas calzado deportivo. Fabricada en acero inoxidable, ofrece una durabilidad excepcional y una capacidad para secar hasta 6 pares de zapatillas en solo 20-30 minutos. Su sistema de secado por ventilaci\u00f3n forzada asegura un secado r\u00e1pido y uniforme, mientras que el panel de control te permite regular f\u00e1cilmente la temperatura y el tiempo, brindando un secado preciso y seguro. Adem\u00e1s, cuenta con un bot\u00f3n de emergencia para garantizar la seguridad del operario y un dise\u00f1o compacto con patas regulables para adaptarse a cualquier espacio. Ideal para negocios que buscan velocidad y eficiencia en su servicio de secado de calzado. \u00a1Dale a tu lavander\u00eda el poder de secar zapatillas de forma profesional y r\u00e1pida! Caracter\u00edsticas destacadas: \ud83d\uddf8 Secado hasta 6 pares de zapatillas en solo 20-30 minutos. \ud83d\uddf8 Calentamiento el\u00e9ctrico con resistencias blindadas de acero inoxidable. \ud83d\uddf8 Panel de control con regulaci\u00f3n de tiempo y temperatura. \ud83d\uddf8 Fabricada en acero inoxidable para m\u00e1xima durabilidad. \ud83d\uddf8 Dise\u00f1o compacto con patas regulables en altura. \ud83d\uddf8\u00a1Mejora la eficiencia y la calidad de tu servicio con la m\u00e1quina secadora de zapatillas Novinsa!<\/p>\n","protected":false},"featured_media":10656,"comment_status":"open","ping_status":"closed","template":"","meta":{"_acf_changed":false,"site-sidebar-layout":"default","site-content-layout":"","ast-site-content-layout":"default","site-content-style":"default","site-sidebar-style":"default","ast-global-header-display":"","ast-banner-title-visibility":"","ast-main-header-display":"","ast-hfb-above-header-display":"","ast-hfb-below-header-display":"","ast-hfb-mobile-header-display":"","site-post-title":"","ast-breadcrumbs-content":"","ast-featured-img":"","footer-sml-layout":"","theme-transparent-header-meta":"default","adv-header-id-meta":"","stick-header-meta":"","header-above-stick-meta":"","header-main-stick-meta":"","header-below-stick-meta":"","astra-migrate-meta-layouts":"set","ast-page-background-enabled":"default","ast-page-background-meta":{"desktop":{"background-color":"var(--ast-global-color-4)","background-image":"","background-repeat":"repeat","background-position":"center center","background-size":"auto","background-attachment":"scroll","background-type":"","background-media":"","overlay-type":"","overlay-color":"","overlay-opacity":"","overlay-gradient":""},"tablet":{"background-color":"","background-image":"","background-repeat":"repeat","background-position":"center center","background-size":"auto","background-attachment":"scroll","background-type":"","background-media":"","overlay-type":"","overlay-color":"","overlay-opacity":"","overlay-gradient":""},"mobile":{"background-color":"","background-image":"","background-repeat":"repeat","background-position":"center center","background-size":"auto","background-attachment":"scroll","background-type":"","background-media":"","overlay-type":"","overlay-color":"","overlay-opacity":"","overlay-gradient":""}},"ast-content-background-meta":{"desktop":{"background-color":"var(--ast-global-color-5)","background-image":"","background-repeat":"repeat","background-position":"center center","background-size":"auto","background-attachment":"scroll","background-type":"","background-media":"","overlay-type":"","overlay-color":"","overlay-opacity":"","overlay-gradient":""},"tablet":{"background-color":"var(--ast-global-color-5)","background-image":"","background-repeat":"repeat","background-position":"center center","background-size":"auto","background-attachment":"scroll","background-type":"","background-media":"","overlay-type":"","overlay-color":"","overlay-opacity":"","overlay-gradient":""},"mobile":{"background-color":"var(--ast-global-color-5)","background-image":"","background-repeat":"repeat","background-position":"center center","background-size":"auto","background-attachment":"scroll","background-type":"","background-media":"","overlay-type":"","overlay-color":"","overlay-opacity":"","overlay-gradient":""}},"_joinchat":[]},"product_brand":[],"product_cat":[119,153],"product_tag":[],"class_list":{"0":"post-10655","1":"product","2":"type-product","3":"status-publish","4":"has-post-thumbnail","6":"product_cat-rubro-comercial","7":"product_cat-linea-snaker-corner","8":"desktop-align-left","9":"tablet-align-left","10":"mobile-align-left","12":"first","13":"instock","14":"shipping-taxable","15":"product-type-simple"},"acf":[],"yoast_head":"<!-- This site is optimized with the Yoast SEO plugin v27.5 - https:\/\/yoast.com\/product\/yoast-seo-wordpress\/ -->\n<title>M\u00e1quina para secar zapatillas Jordan &#8211; Novinsa | Equipos de Lavander\u00eda Industrial<\/title>\n<meta name=\"robots\" content=\"index, follow, max-snippet:-1, max-image-preview:large, max-video-preview:-1\" \/>\n<link rel=\"canonical\" href=\"https:\/\/novinsa.com\/lavanderia-industrial\/producto\/maquina-para-secar-zapatillas-jordan\/\" \/>\n<meta property=\"og:locale\" content=\"es_ES\" \/>\n<meta property=\"og:type\" content=\"article\" \/>\n<meta property=\"og:title\" content=\"M\u00e1quina para secar zapatillas Jordan &#8211; Novinsa | Equipos de Lavander\u00eda Industrial\" \/>\n<meta property=\"og:description\" content=\"SECADORA SNEAKER DRYER JORDAN: Eficiencia y tecnolog\u00eda para tu negocio\u00a0 La m\u00e1quina secadora de zapatillas est\u00e1 dise\u00f1ada para revolucionar la forma en que secas calzado deportivo. Fabricada en acero inoxidable, ofrece una durabilidad excepcional y una capacidad para secar hasta 6 pares de zapatillas en solo 20-30 minutos. Su sistema de secado por ventilaci\u00f3n forzada asegura un secado r\u00e1pido y uniforme, mientras que el panel de control te permite regular f\u00e1cilmente la temperatura y el tiempo, brindando un secado preciso y seguro. Adem\u00e1s, cuenta con un bot\u00f3n de emergencia para garantizar la seguridad del operario y un dise\u00f1o compacto con patas regulables para adaptarse a cualquier espacio. Ideal para negocios que buscan velocidad y eficiencia en su servicio de secado de calzado. \u00a1Dale a tu lavander\u00eda el poder de secar zapatillas de forma profesional y r\u00e1pida! Caracter\u00edsticas destacadas: \ud83d\uddf8 Secado hasta 6 pares de zapatillas en solo 20-30 minutos. \ud83d\uddf8 Calentamiento el\u00e9ctrico con resistencias blindadas de acero inoxidable. \ud83d\uddf8 Panel de control con regulaci\u00f3n de tiempo y temperatura. \ud83d\uddf8 Fabricada en acero inoxidable para m\u00e1xima durabilidad. \ud83d\uddf8 Dise\u00f1o compacto con patas regulables en altura. \ud83d\uddf8\u00a1Mejora la eficiencia y la calidad de tu servicio con la m\u00e1quina secadora de zapatillas Novinsa!\" \/>\n<meta property=\"og:url\" content=\"https:\/\/novinsa.com\/lavanderia-industrial\/producto\/maquina-para-secar-zapatillas-jordan\/\" \/>\n<meta property=\"og:site_name\" content=\"Novinsa | Equipos de Lavander\u00eda Industrial\" \/>\n<meta property=\"article:publisher\" content=\"https:\/\/www.facebook.com\/novinsa.peru\" \/>\n<meta property=\"article:modified_time\" content=\"2026-02-17T10:10:18+00:00\" \/>\n<meta property=\"og:image\" content=\"https:\/\/novinsa.com\/lavanderia-industrial\/wp-content\/uploads\/2024\/10\/secadora-jordan.webp\" \/>\n\t<meta property=\"og:image:width\" content=\"600\" \/>\n\t<meta property=\"og:image:height\" content=\"600\" \/>\n\t<meta property=\"og:image:type\" content=\"image\/webp\" \/>\n<meta name=\"twitter:card\" content=\"summary_large_image\" \/>\n<meta name=\"twitter:label1\" content=\"Tiempo de lectura\" \/>\n\t<meta name=\"twitter:data1\" content=\"1 minuto\" \/>\n<script type=\"application\/ld+json\" class=\"yoast-schema-graph\">{\"@context\":\"https:\\\/\\\/schema.org\",\"@graph\":[{\"@type\":\"WebPage\",\"@id\":\"https:\\\/\\\/novinsa.com\\\/lavanderia-industrial\\\/producto\\\/maquina-para-secar-zapatillas-jordan\\\/\",\"url\":\"https:\\\/\\\/novinsa.com\\\/lavanderia-industrial\\\/producto\\\/maquina-para-secar-zapatillas-jordan\\\/\",\"name\":\"M\u00e1quina para secar zapatillas Jordan &#8211; Novinsa | Equipos de Lavander\u00eda Industrial\",\"isPartOf\":{\"@id\":\"https:\\\/\\\/novinsa.com\\\/lavanderia-industrial\\\/#website\"},\"primaryImageOfPage\":{\"@id\":\"https:\\\/\\\/novinsa.com\\\/lavanderia-industrial\\\/producto\\\/maquina-para-secar-zapatillas-jordan\\\/#primaryimage\"},\"image\":{\"@id\":\"https:\\\/\\\/novinsa.com\\\/lavanderia-industrial\\\/producto\\\/maquina-para-secar-zapatillas-jordan\\\/#primaryimage\"},\"thumbnailUrl\":\"https:\\\/\\\/novinsa.com\\\/lavanderia-industrial\\\/wp-content\\\/uploads\\\/2024\\\/10\\\/secadora-jordan.webp\",\"datePublished\":\"2015-10-28T14:55:56+00:00\",\"dateModified\":\"2026-02-17T10:10:18+00:00\",\"breadcrumb\":{\"@id\":\"https:\\\/\\\/novinsa.com\\\/lavanderia-industrial\\\/producto\\\/maquina-para-secar-zapatillas-jordan\\\/#breadcrumb\"},\"inLanguage\":\"es\",\"potentialAction\":[{\"@type\":\"ReadAction\",\"target\":[\"https:\\\/\\\/novinsa.com\\\/lavanderia-industrial\\\/producto\\\/maquina-para-secar-zapatillas-jordan\\\/\"]}]},{\"@type\":\"ImageObject\",\"inLanguage\":\"es\",\"@id\":\"https:\\\/\\\/novinsa.com\\\/lavanderia-industrial\\\/producto\\\/maquina-para-secar-zapatillas-jordan\\\/#primaryimage\",\"url\":\"https:\\\/\\\/novinsa.com\\\/lavanderia-industrial\\\/wp-content\\\/uploads\\\/2024\\\/10\\\/secadora-jordan.webp\",\"contentUrl\":\"https:\\\/\\\/novinsa.com\\\/lavanderia-industrial\\\/wp-content\\\/uploads\\\/2024\\\/10\\\/secadora-jordan.webp\",\"width\":600,\"height\":600,\"caption\":\"M\u00e1quina para secar zapatillas Jordan\"},{\"@type\":\"BreadcrumbList\",\"@id\":\"https:\\\/\\\/novinsa.com\\\/lavanderia-industrial\\\/producto\\\/maquina-para-secar-zapatillas-jordan\\\/#breadcrumb\",\"itemListElement\":[{\"@type\":\"ListItem\",\"position\":1,\"name\":\"Home\",\"item\":\"https:\\\/\\\/novinsa.com\\\/lavanderia-industrial\\\/\"},{\"@type\":\"ListItem\",\"position\":2,\"name\":\"Productos\",\"item\":\"https:\\\/\\\/novinsa.com\\\/lavanderia-industrial\\\/shop\\\/\"},{\"@type\":\"ListItem\",\"position\":3,\"name\":\"M\u00e1quina para secar zapatillas Jordan\"}]},{\"@type\":\"WebSite\",\"@id\":\"https:\\\/\\\/novinsa.com\\\/lavanderia-industrial\\\/#website\",\"url\":\"https:\\\/\\\/novinsa.com\\\/lavanderia-industrial\\\/\",\"name\":\"Novinsa | venta equipos para lavanderia industrial\",\"description\":\"Equipamiento en Lavander\u00eda Industrial\",\"publisher\":{\"@id\":\"https:\\\/\\\/novinsa.com\\\/lavanderia-industrial\\\/#organization\"},\"alternateName\":\"Novinsa Lavadoras industriales Per\u00fa\",\"potentialAction\":[{\"@type\":\"SearchAction\",\"target\":{\"@type\":\"EntryPoint\",\"urlTemplate\":\"https:\\\/\\\/novinsa.com\\\/lavanderia-industrial\\\/?s={search_term_string}\"},\"query-input\":{\"@type\":\"PropertyValueSpecification\",\"valueRequired\":true,\"valueName\":\"search_term_string\"}}],\"inLanguage\":\"es\"},{\"@type\":\"Organization\",\"@id\":\"https:\\\/\\\/novinsa.com\\\/lavanderia-industrial\\\/#organization\",\"name\":\"NOVINSA COMERCIAL SA\",\"alternateName\":\"Lavadoras industriales para hoteles\",\"url\":\"https:\\\/\\\/novinsa.com\\\/lavanderia-industrial\\\/\",\"logo\":{\"@type\":\"ImageObject\",\"inLanguage\":\"es\",\"@id\":\"https:\\\/\\\/novinsa.com\\\/lavanderia-industrial\\\/#\\\/schema\\\/logo\\\/image\\\/\",\"url\":\"https:\\\/\\\/novinsa.com\\\/lavanderia-industrial\\\/wp-content\\\/uploads\\\/2023\\\/03\\\/Mesa-de-trabajo-1-copia.png\",\"contentUrl\":\"https:\\\/\\\/novinsa.com\\\/lavanderia-industrial\\\/wp-content\\\/uploads\\\/2023\\\/03\\\/Mesa-de-trabajo-1-copia.png\",\"width\":1201,\"height\":676,\"caption\":\"NOVINSA COMERCIAL SA\"},\"image\":{\"@id\":\"https:\\\/\\\/novinsa.com\\\/lavanderia-industrial\\\/#\\\/schema\\\/logo\\\/image\\\/\"},\"sameAs\":[\"https:\\\/\\\/www.facebook.com\\\/novinsa.peru\",\"https:\\\/\\\/www.instagram.com\\\/novinsa.peru\\\/\",\"https:\\\/\\\/www.youtube.com\\\/@novinsacomercials.a.9294\"]}]}<\/script>\n<!-- \/ Yoast SEO plugin. -->","yoast_head_json":{"title":"M\u00e1quina para secar zapatillas Jordan &#8211; Novinsa | Equipos de Lavander\u00eda Industrial","robots":{"index":"index","follow":"follow","max-snippet":"max-snippet:-1","max-image-preview":"max-image-preview:large","max-video-preview":"max-video-preview:-1"},"canonical":"https:\/\/novinsa.com\/lavanderia-industrial\/producto\/maquina-para-secar-zapatillas-jordan\/","og_locale":"es_ES","og_type":"article","og_title":"M\u00e1quina para secar zapatillas Jordan &#8211; Novinsa | Equipos de Lavander\u00eda Industrial","og_description":"SECADORA SNEAKER DRYER JORDAN: Eficiencia y tecnolog\u00eda para tu negocio\u00a0 La m\u00e1quina secadora de zapatillas est\u00e1 dise\u00f1ada para revolucionar la forma en que secas calzado deportivo. Fabricada en acero inoxidable, ofrece una durabilidad excepcional y una capacidad para secar hasta 6 pares de zapatillas en solo 20-30 minutos. Su sistema de secado por ventilaci\u00f3n forzada asegura un secado r\u00e1pido y uniforme, mientras que el panel de control te permite regular f\u00e1cilmente la temperatura y el tiempo, brindando un secado preciso y seguro. Adem\u00e1s, cuenta con un bot\u00f3n de emergencia para garantizar la seguridad del operario y un dise\u00f1o compacto con patas regulables para adaptarse a cualquier espacio. Ideal para negocios que buscan velocidad y eficiencia en su servicio de secado de calzado. \u00a1Dale a tu lavander\u00eda el poder de secar zapatillas de forma profesional y r\u00e1pida! Caracter\u00edsticas destacadas: \ud83d\uddf8 Secado hasta 6 pares de zapatillas en solo 20-30 minutos. \ud83d\uddf8 Calentamiento el\u00e9ctrico con resistencias blindadas de acero inoxidable. \ud83d\uddf8 Panel de control con regulaci\u00f3n de tiempo y temperatura. \ud83d\uddf8 Fabricada en acero inoxidable para m\u00e1xima durabilidad. \ud83d\uddf8 Dise\u00f1o compacto con patas regulables en altura. \ud83d\uddf8\u00a1Mejora la eficiencia y la calidad de tu servicio con la m\u00e1quina secadora de zapatillas Novinsa!","og_url":"https:\/\/novinsa.com\/lavanderia-industrial\/producto\/maquina-para-secar-zapatillas-jordan\/","og_site_name":"Novinsa | Equipos de Lavander\u00eda Industrial","article_publisher":"https:\/\/www.facebook.com\/novinsa.peru","article_modified_time":"2026-02-17T10:10:18+00:00","og_image":[{"width":600,"height":600,"url":"https:\/\/novinsa.com\/lavanderia-industrial\/wp-content\/uploads\/2024\/10\/secadora-jordan.webp","type":"image\/webp"}],"twitter_card":"summary_large_image","twitter_misc":{"Tiempo de lectura":"1 minuto"},"schema":{"@context":"https:\/\/schema.org","@graph":[{"@type":"WebPage","@id":"https:\/\/novinsa.com\/lavanderia-industrial\/producto\/maquina-para-secar-zapatillas-jordan\/","url":"https:\/\/novinsa.com\/lavanderia-industrial\/producto\/maquina-para-secar-zapatillas-jordan\/","name":"M\u00e1quina para secar zapatillas Jordan &#8211; Novinsa | Equipos de Lavander\u00eda Industrial","isPartOf":{"@id":"https:\/\/novinsa.com\/lavanderia-industrial\/#website"},"primaryImageOfPage":{"@id":"https:\/\/novinsa.com\/lavanderia-industrial\/producto\/maquina-para-secar-zapatillas-jordan\/#primaryimage"},"image":{"@id":"https:\/\/novinsa.com\/lavanderia-industrial\/producto\/maquina-para-secar-zapatillas-jordan\/#primaryimage"},"thumbnailUrl":"https:\/\/novinsa.com\/lavanderia-industrial\/wp-content\/uploads\/2024\/10\/secadora-jordan.webp","datePublished":"2015-10-28T14:55:56+00:00","dateModified":"2026-02-17T10:10:18+00:00","breadcrumb":{"@id":"https:\/\/novinsa.com\/lavanderia-industrial\/producto\/maquina-para-secar-zapatillas-jordan\/#breadcrumb"},"inLanguage":"es","potentialAction":[{"@type":"ReadAction","target":["https:\/\/novinsa.com\/lavanderia-industrial\/producto\/maquina-para-secar-zapatillas-jordan\/"]}]},{"@type":"ImageObject","inLanguage":"es","@id":"https:\/\/novinsa.com\/lavanderia-industrial\/producto\/maquina-para-secar-zapatillas-jordan\/#primaryimage","url":"https:\/\/novinsa.com\/lavanderia-industrial\/wp-content\/uploads\/2024\/10\/secadora-jordan.webp","contentUrl":"https:\/\/novinsa.com\/lavanderia-industrial\/wp-content\/uploads\/2024\/10\/secadora-jordan.webp","width":600,"height":600,"caption":"M\u00e1quina para secar zapatillas Jordan"},{"@type":"BreadcrumbList","@id":"https:\/\/novinsa.com\/lavanderia-industrial\/producto\/maquina-para-secar-zapatillas-jordan\/#breadcrumb","itemListElement":[{"@type":"ListItem","position":1,"name":"Home","item":"https:\/\/novinsa.com\/lavanderia-industrial\/"},{"@type":"ListItem","position":2,"name":"Productos","item":"https:\/\/novinsa.com\/lavanderia-industrial\/shop\/"},{"@type":"ListItem","position":3,"name":"M\u00e1quina para secar zapatillas Jordan"}]},{"@type":"WebSite","@id":"https:\/\/novinsa.com\/lavanderia-industrial\/#website","url":"https:\/\/novinsa.com\/lavanderia-industrial\/","name":"Novinsa | venta equipos para lavanderia industrial","description":"Equipamiento en Lavander\u00eda Industrial","publisher":{"@id":"https:\/\/novinsa.com\/lavanderia-industrial\/#organization"},"alternateName":"Novinsa Lavadoras industriales Per\u00fa","potentialAction":[{"@type":"SearchAction","target":{"@type":"EntryPoint","urlTemplate":"https:\/\/novinsa.com\/lavanderia-industrial\/?s={search_term_string}"},"query-input":{"@type":"PropertyValueSpecification","valueRequired":true,"valueName":"search_term_string"}}],"inLanguage":"es"},{"@type":"Organization","@id":"https:\/\/novinsa.com\/lavanderia-industrial\/#organization","name":"NOVINSA COMERCIAL SA","alternateName":"Lavadoras industriales para hoteles","url":"https:\/\/novinsa.com\/lavanderia-industrial\/","logo":{"@type":"ImageObject","inLanguage":"es","@id":"https:\/\/novinsa.com\/lavanderia-industrial\/#\/schema\/logo\/image\/","url":"https:\/\/novinsa.com\/lavanderia-industrial\/wp-content\/uploads\/2023\/03\/Mesa-de-trabajo-1-copia.png","contentUrl":"https:\/\/novinsa.com\/lavanderia-industrial\/wp-content\/uploads\/2023\/03\/Mesa-de-trabajo-1-copia.png","width":1201,"height":676,"caption":"NOVINSA COMERCIAL SA"},"image":{"@id":"https:\/\/novinsa.com\/lavanderia-industrial\/#\/schema\/logo\/image\/"},"sameAs":["https:\/\/www.facebook.com\/novinsa.peru","https:\/\/www.instagram.com\/novinsa.peru\/","https:\/\/www.youtube.com\/@novinsacomercials.a.9294"]}]}},"_links":{"self":[{"href":"https:\/\/novinsa.com\/lavanderia-industrial\/wp-json\/wp\/v2\/product\/10655","targetHints":{"allow":["GET"]}}],"collection":[{"href":"https:\/\/novinsa.com\/lavanderia-industrial\/wp-json\/wp\/v2\/product"}],"about":[{"href":"https:\/\/novinsa.com\/lavanderia-industrial\/wp-json\/wp\/v2\/types\/product"}],"replies":[{"embeddable":true,"href":"https:\/\/novinsa.com\/lavanderia-industrial\/wp-json\/wp\/v2\/comments?post=10655"}],"version-history":[{"count":0,"href":"https:\/\/novinsa.com\/lavanderia-industrial\/wp-json\/wp\/v2\/product\/10655\/revisions"}],"wp:featuredmedia":[{"embeddable":true,"href":"https:\/\/novinsa.com\/lavanderia-industrial\/wp-json\/wp\/v2\/media\/10656"}],"wp:attachment":[{"href":"https:\/\/novinsa.com\/lavanderia-industrial\/wp-json\/wp\/v2\/media?parent=10655"}],"wp:term":[{"taxonomy":"product_brand","embeddable":true,"href":"https:\/\/novinsa.com\/lavanderia-industrial\/wp-json\/wp\/v2\/product_brand?post=10655"},{"taxonomy":"product_cat","embeddable":true,"href":"https:\/\/novinsa.com\/lavanderia-industrial\/wp-json\/wp\/v2\/product_cat?post=10655"},{"taxonomy":"product_tag","embeddable":true,"href":"https:\/\/novinsa.com\/lavanderia-industrial\/wp-json\/wp\/v2\/product_tag?post=10655"}],"curies":[{"name":"wp","href":"https:\/\/api.w.org\/{rel}","templated":true}]}}