{"id":6224,"date":"2021-04-11T20:48:11","date_gmt":"2021-04-12T01:48:11","guid":{"rendered":"https:\/\/novinsa.com\/lavanderia-industrial\/producto\/cabina-de-ozono-para-desinfeccin\/"},"modified":"2024-10-01T15:59:47","modified_gmt":"2024-10-01T20:59:47","slug":"cabina-de-ozono-para-desinfeccion","status":"publish","type":"product","link":"https:\/\/novinsa.com\/lavanderia-industrial\/producto\/cabina-de-ozono-para-desinfeccion\/","title":{"rendered":"Cabina de Ozono para  desinfecci\u00f3n"},"content":{"rendered":"<ul class=\"lista\">\n<li>Puerta con cierre de seguridad.<\/li>\n<li>Contador de ciclo total.<\/li>\n<li>Sin filtro de carb\u00f3n activo.<\/li>\n<li>Pantalla de visualizaci\u00f3n del estado de la m\u00e1quina.<\/li>\n<li>Tres opciones de temporizador.<\/li>\n<li>Estantes regulables en altura.<\/li>\n<li>Advertencia ac\u00fastica y visual de ciclo final.<\/li>\n<li>Advertencia de aver\u00eda de la l\u00e1mpara.<\/li>\n<\/ul>\n<p><img decoding=\"async\" class=\"\" src=\"https:\/\/novinsa.com\/lavanderia-industrial\/wp-content\/uploads\/2017\/02\/1455756778_pdf.png\" width=\"39\" height=\"39\" \/> <a href=\"https:\/\/novinsa.com\/lavanderia-industrial\/wp-content\/uploads\/2020\/07\/cabina-ozono-para-desinfecci?n.pdf\" target=\"_blank\" rel=\"noopener noreferrer\"><strong>Descargar ficha t\u00e9cnica<\/strong><\/a><\/p>\n","protected":false},"excerpt":{"rendered":"<p>Proporciona desinfecci\u00f3n mediante el Ozono (O<sup>3<\/sup> ). Mediante un proceso de oxidaci\u00f3n celular puede desinfectar ropa de trabajo, todo tipo de prendas, art\u00edculos de uso<br \/>\ncotidiano, gafas, cascos, zapatos, joyer\u00eda, uniformes, herramientas, etc. No erosiona, no deja olor y no afecta a la calidad de los art?culos.<\/p>\n<p><img decoding=\"async\" class=\"alignnone wp-image-5029\" src=\"https:\/\/novinsa.com\/lavanderia-industrial\/wp-content\/uploads\/2020\/07\/logo-rotondi-novotec.png\" alt=\"\" width=\"98\" height=\"41\" \/><\/p>\n","protected":false},"featured_media":10325,"comment_status":"open","ping_status":"closed","template":"","meta":{"_acf_changed":false,"site-sidebar-layout":"default","site-content-layout":"default","ast-site-content-layout":"default","site-content-style":"default","site-sidebar-style":"default","ast-global-header-display":"","ast-banner-title-visibility":"","ast-main-header-display":"","ast-hfb-above-header-display":"","ast-hfb-below-header-display":"","ast-hfb-mobile-header-display":"","site-post-title":"","ast-breadcrumbs-content":"","ast-featured-img":"","footer-sml-layout":"","theme-transparent-header-meta":"default","adv-header-id-meta":"","stick-header-meta":"","header-above-stick-meta":"","header-main-stick-meta":"","header-below-stick-meta":"","astra-migrate-meta-layouts":"set","ast-page-background-enabled":"default","ast-page-background-meta":{"desktop":{"background-color":"var(--ast-global-color-4)","background-image":"","background-repeat":"repeat","background-position":"center center","background-size":"auto","background-attachment":"scroll","background-type":"","background-media":"","overlay-type":"","overlay-color":"","overlay-opacity":"","overlay-gradient":""},"tablet":{"background-color":"","background-image":"","background-repeat":"repeat","background-position":"center center","background-size":"auto","background-attachment":"scroll","background-type":"","background-media":"","overlay-type":"","overlay-color":"","overlay-opacity":"","overlay-gradient":""},"mobile":{"background-color":"","background-image":"","background-repeat":"repeat","background-position":"center center","background-size":"auto","background-attachment":"scroll","background-type":"","background-media":"","overlay-type":"","overlay-color":"","overlay-opacity":"","overlay-gradient":""}},"ast-content-background-meta":{"desktop":{"background-color":"var(--ast-global-color-5)","background-image":"","background-repeat":"repeat","background-position":"center center","background-size":"auto","background-attachment":"scroll","background-type":"","background-media":"","overlay-type":"","overlay-color":"","overlay-opacity":"","overlay-gradient":""},"tablet":{"background-color":"var(--ast-global-color-5)","background-image":"","background-repeat":"repeat","background-position":"center center","background-size":"auto","background-attachment":"scroll","background-type":"","background-media":"","overlay-type":"","overlay-color":"","overlay-opacity":"","overlay-gradient":""},"mobile":{"background-color":"var(--ast-global-color-5)","background-image":"","background-repeat":"repeat","background-position":"center center","background-size":"auto","background-attachment":"scroll","background-type":"","background-media":"","overlay-type":"","overlay-color":"","overlay-opacity":"","overlay-gradient":""}},"_joinchat":[]},"product_brand":[],"product_cat":[100,102,126],"product_tag":[],"class_list":{"0":"post-6224","1":"product","2":"type-product","3":"status-publish","4":"has-post-thumbnail","6":"product_cat-complementos","7":"product_cat-equipos-de-desinfeccion","8":"product_cat-otros-equipos","9":"desktop-align-left","10":"tablet-align-left","11":"mobile-align-left","13":"first","14":"instock","15":"shipping-taxable","16":"product-type-simple"},"acf":[],"yoast_head":"<!-- This site is optimized with the Yoast SEO plugin v27.4 - https:\/\/yoast.com\/product\/yoast-seo-wordpress\/ -->\n<title>Cabina de Ozono para desinfecci\u00f3n &#8211; Novinsa | Equipos de Lavander\u00eda Industrial<\/title>\n<meta name=\"robots\" content=\"index, follow, max-snippet:-1, max-image-preview:large, max-video-preview:-1\" \/>\n<link rel=\"canonical\" href=\"https:\/\/novinsa.com\/lavanderia-industrial\/producto\/cabina-de-ozono-para-desinfeccion\/\" \/>\n<meta property=\"og:locale\" content=\"es_ES\" \/>\n<meta property=\"og:type\" content=\"article\" \/>\n<meta property=\"og:title\" content=\"Cabina de Ozono para desinfecci\u00f3n &#8211; Novinsa | Equipos de Lavander\u00eda Industrial\" \/>\n<meta property=\"og:description\" content=\"Proporciona desinfecci\u00f3n mediante el Ozono (O3 ). Mediante un proceso de oxidaci\u00f3n celular puede desinfectar ropa de trabajo, todo tipo de prendas, art\u00edculos de uso cotidiano, gafas, cascos, zapatos, joyer\u00eda, uniformes, herramientas, etc. No erosiona, no deja olor y no afecta a la calidad de los art?culos.\" \/>\n<meta property=\"og:url\" content=\"https:\/\/novinsa.com\/lavanderia-industrial\/producto\/cabina-de-ozono-para-desinfeccion\/\" \/>\n<meta property=\"og:site_name\" content=\"Novinsa | Equipos de Lavander\u00eda Industrial\" \/>\n<meta property=\"article:publisher\" content=\"https:\/\/www.facebook.com\/novinsa.peru\" \/>\n<meta property=\"article:modified_time\" content=\"2024-10-01T20:59:47+00:00\" \/>\n<meta property=\"og:image\" content=\"https:\/\/novinsa.com\/lavanderia-industrial\/wp-content\/uploads\/2021\/04\/Cabina-de-Ozono-para-desinfeccion.png\" \/>\n\t<meta property=\"og:image:width\" content=\"600\" \/>\n\t<meta property=\"og:image:height\" content=\"600\" \/>\n\t<meta property=\"og:image:type\" content=\"image\/png\" \/>\n<meta name=\"twitter:card\" content=\"summary_large_image\" \/>\n<meta name=\"twitter:label1\" content=\"Tiempo de lectura\" \/>\n\t<meta name=\"twitter:data1\" content=\"1 minuto\" \/>\n<script type=\"application\/ld+json\" class=\"yoast-schema-graph\">{\"@context\":\"https:\\\/\\\/schema.org\",\"@graph\":[{\"@type\":\"WebPage\",\"@id\":\"https:\\\/\\\/novinsa.com\\\/lavanderia-industrial\\\/producto\\\/cabina-de-ozono-para-desinfeccion\\\/\",\"url\":\"https:\\\/\\\/novinsa.com\\\/lavanderia-industrial\\\/producto\\\/cabina-de-ozono-para-desinfeccion\\\/\",\"name\":\"Cabina de Ozono para desinfecci\u00f3n &#8211; Novinsa | Equipos de Lavander\u00eda Industrial\",\"isPartOf\":{\"@id\":\"https:\\\/\\\/novinsa.com\\\/lavanderia-industrial\\\/#website\"},\"primaryImageOfPage\":{\"@id\":\"https:\\\/\\\/novinsa.com\\\/lavanderia-industrial\\\/producto\\\/cabina-de-ozono-para-desinfeccion\\\/#primaryimage\"},\"image\":{\"@id\":\"https:\\\/\\\/novinsa.com\\\/lavanderia-industrial\\\/producto\\\/cabina-de-ozono-para-desinfeccion\\\/#primaryimage\"},\"thumbnailUrl\":\"https:\\\/\\\/novinsa.com\\\/lavanderia-industrial\\\/wp-content\\\/uploads\\\/2021\\\/04\\\/Cabina-de-Ozono-para-desinfeccion.png\",\"datePublished\":\"2021-04-12T01:48:11+00:00\",\"dateModified\":\"2024-10-01T20:59:47+00:00\",\"breadcrumb\":{\"@id\":\"https:\\\/\\\/novinsa.com\\\/lavanderia-industrial\\\/producto\\\/cabina-de-ozono-para-desinfeccion\\\/#breadcrumb\"},\"inLanguage\":\"es\",\"potentialAction\":[{\"@type\":\"ReadAction\",\"target\":[\"https:\\\/\\\/novinsa.com\\\/lavanderia-industrial\\\/producto\\\/cabina-de-ozono-para-desinfeccion\\\/\"]}]},{\"@type\":\"ImageObject\",\"inLanguage\":\"es\",\"@id\":\"https:\\\/\\\/novinsa.com\\\/lavanderia-industrial\\\/producto\\\/cabina-de-ozono-para-desinfeccion\\\/#primaryimage\",\"url\":\"https:\\\/\\\/novinsa.com\\\/lavanderia-industrial\\\/wp-content\\\/uploads\\\/2021\\\/04\\\/Cabina-de-Ozono-para-desinfeccion.png\",\"contentUrl\":\"https:\\\/\\\/novinsa.com\\\/lavanderia-industrial\\\/wp-content\\\/uploads\\\/2021\\\/04\\\/Cabina-de-Ozono-para-desinfeccion.png\",\"width\":600,\"height\":600,\"caption\":\"Cabina de Ozono para desinfecci\u00f3n\"},{\"@type\":\"BreadcrumbList\",\"@id\":\"https:\\\/\\\/novinsa.com\\\/lavanderia-industrial\\\/producto\\\/cabina-de-ozono-para-desinfeccion\\\/#breadcrumb\",\"itemListElement\":[{\"@type\":\"ListItem\",\"position\":1,\"name\":\"Home\",\"item\":\"https:\\\/\\\/novinsa.com\\\/lavanderia-industrial\\\/\"},{\"@type\":\"ListItem\",\"position\":2,\"name\":\"Productos\",\"item\":\"https:\\\/\\\/novinsa.com\\\/lavanderia-industrial\\\/shop\\\/\"},{\"@type\":\"ListItem\",\"position\":3,\"name\":\"Cabina de Ozono para desinfecci\u00f3n\"}]},{\"@type\":\"WebSite\",\"@id\":\"https:\\\/\\\/novinsa.com\\\/lavanderia-industrial\\\/#website\",\"url\":\"https:\\\/\\\/novinsa.com\\\/lavanderia-industrial\\\/\",\"name\":\"Novinsa | venta equipos para lavanderia industrial\",\"description\":\"Equipamiento en Lavander\u00eda Industrial\",\"publisher\":{\"@id\":\"https:\\\/\\\/novinsa.com\\\/lavanderia-industrial\\\/#organization\"},\"alternateName\":\"Novinsa Lavadoras industriales Per\u00fa\",\"potentialAction\":[{\"@type\":\"SearchAction\",\"target\":{\"@type\":\"EntryPoint\",\"urlTemplate\":\"https:\\\/\\\/novinsa.com\\\/lavanderia-industrial\\\/?s={search_term_string}\"},\"query-input\":{\"@type\":\"PropertyValueSpecification\",\"valueRequired\":true,\"valueName\":\"search_term_string\"}}],\"inLanguage\":\"es\"},{\"@type\":\"Organization\",\"@id\":\"https:\\\/\\\/novinsa.com\\\/lavanderia-industrial\\\/#organization\",\"name\":\"NOVINSA COMERCIAL SA\",\"alternateName\":\"Lavadoras industriales para hoteles\",\"url\":\"https:\\\/\\\/novinsa.com\\\/lavanderia-industrial\\\/\",\"logo\":{\"@type\":\"ImageObject\",\"inLanguage\":\"es\",\"@id\":\"https:\\\/\\\/novinsa.com\\\/lavanderia-industrial\\\/#\\\/schema\\\/logo\\\/image\\\/\",\"url\":\"https:\\\/\\\/novinsa.com\\\/lavanderia-industrial\\\/wp-content\\\/uploads\\\/2023\\\/03\\\/Mesa-de-trabajo-1-copia.png\",\"contentUrl\":\"https:\\\/\\\/novinsa.com\\\/lavanderia-industrial\\\/wp-content\\\/uploads\\\/2023\\\/03\\\/Mesa-de-trabajo-1-copia.png\",\"width\":1201,\"height\":676,\"caption\":\"NOVINSA COMERCIAL SA\"},\"image\":{\"@id\":\"https:\\\/\\\/novinsa.com\\\/lavanderia-industrial\\\/#\\\/schema\\\/logo\\\/image\\\/\"},\"sameAs\":[\"https:\\\/\\\/www.facebook.com\\\/novinsa.peru\",\"https:\\\/\\\/www.instagram.com\\\/novinsa.peru\\\/\",\"https:\\\/\\\/www.youtube.com\\\/@novinsacomercials.a.9294\"]}]}<\/script>\n<!-- \/ Yoast SEO plugin. -->","yoast_head_json":{"title":"Cabina de Ozono para desinfecci\u00f3n &#8211; Novinsa | Equipos de Lavander\u00eda Industrial","robots":{"index":"index","follow":"follow","max-snippet":"max-snippet:-1","max-image-preview":"max-image-preview:large","max-video-preview":"max-video-preview:-1"},"canonical":"https:\/\/novinsa.com\/lavanderia-industrial\/producto\/cabina-de-ozono-para-desinfeccion\/","og_locale":"es_ES","og_type":"article","og_title":"Cabina de Ozono para desinfecci\u00f3n &#8211; Novinsa | Equipos de Lavander\u00eda Industrial","og_description":"Proporciona desinfecci\u00f3n mediante el Ozono (O3 ). Mediante un proceso de oxidaci\u00f3n celular puede desinfectar ropa de trabajo, todo tipo de prendas, art\u00edculos de uso cotidiano, gafas, cascos, zapatos, joyer\u00eda, uniformes, herramientas, etc. No erosiona, no deja olor y no afecta a la calidad de los art?culos.","og_url":"https:\/\/novinsa.com\/lavanderia-industrial\/producto\/cabina-de-ozono-para-desinfeccion\/","og_site_name":"Novinsa | Equipos de Lavander\u00eda Industrial","article_publisher":"https:\/\/www.facebook.com\/novinsa.peru","article_modified_time":"2024-10-01T20:59:47+00:00","og_image":[{"width":600,"height":600,"url":"https:\/\/novinsa.com\/lavanderia-industrial\/wp-content\/uploads\/2021\/04\/Cabina-de-Ozono-para-desinfeccion.png","type":"image\/png"}],"twitter_card":"summary_large_image","twitter_misc":{"Tiempo de lectura":"1 minuto"},"schema":{"@context":"https:\/\/schema.org","@graph":[{"@type":"WebPage","@id":"https:\/\/novinsa.com\/lavanderia-industrial\/producto\/cabina-de-ozono-para-desinfeccion\/","url":"https:\/\/novinsa.com\/lavanderia-industrial\/producto\/cabina-de-ozono-para-desinfeccion\/","name":"Cabina de Ozono para desinfecci\u00f3n &#8211; Novinsa | Equipos de Lavander\u00eda Industrial","isPartOf":{"@id":"https:\/\/novinsa.com\/lavanderia-industrial\/#website"},"primaryImageOfPage":{"@id":"https:\/\/novinsa.com\/lavanderia-industrial\/producto\/cabina-de-ozono-para-desinfeccion\/#primaryimage"},"image":{"@id":"https:\/\/novinsa.com\/lavanderia-industrial\/producto\/cabina-de-ozono-para-desinfeccion\/#primaryimage"},"thumbnailUrl":"https:\/\/novinsa.com\/lavanderia-industrial\/wp-content\/uploads\/2021\/04\/Cabina-de-Ozono-para-desinfeccion.png","datePublished":"2021-04-12T01:48:11+00:00","dateModified":"2024-10-01T20:59:47+00:00","breadcrumb":{"@id":"https:\/\/novinsa.com\/lavanderia-industrial\/producto\/cabina-de-ozono-para-desinfeccion\/#breadcrumb"},"inLanguage":"es","potentialAction":[{"@type":"ReadAction","target":["https:\/\/novinsa.com\/lavanderia-industrial\/producto\/cabina-de-ozono-para-desinfeccion\/"]}]},{"@type":"ImageObject","inLanguage":"es","@id":"https:\/\/novinsa.com\/lavanderia-industrial\/producto\/cabina-de-ozono-para-desinfeccion\/#primaryimage","url":"https:\/\/novinsa.com\/lavanderia-industrial\/wp-content\/uploads\/2021\/04\/Cabina-de-Ozono-para-desinfeccion.png","contentUrl":"https:\/\/novinsa.com\/lavanderia-industrial\/wp-content\/uploads\/2021\/04\/Cabina-de-Ozono-para-desinfeccion.png","width":600,"height":600,"caption":"Cabina de Ozono para desinfecci\u00f3n"},{"@type":"BreadcrumbList","@id":"https:\/\/novinsa.com\/lavanderia-industrial\/producto\/cabina-de-ozono-para-desinfeccion\/#breadcrumb","itemListElement":[{"@type":"ListItem","position":1,"name":"Home","item":"https:\/\/novinsa.com\/lavanderia-industrial\/"},{"@type":"ListItem","position":2,"name":"Productos","item":"https:\/\/novinsa.com\/lavanderia-industrial\/shop\/"},{"@type":"ListItem","position":3,"name":"Cabina de Ozono para desinfecci\u00f3n"}]},{"@type":"WebSite","@id":"https:\/\/novinsa.com\/lavanderia-industrial\/#website","url":"https:\/\/novinsa.com\/lavanderia-industrial\/","name":"Novinsa | venta equipos para lavanderia industrial","description":"Equipamiento en Lavander\u00eda Industrial","publisher":{"@id":"https:\/\/novinsa.com\/lavanderia-industrial\/#organization"},"alternateName":"Novinsa Lavadoras industriales Per\u00fa","potentialAction":[{"@type":"SearchAction","target":{"@type":"EntryPoint","urlTemplate":"https:\/\/novinsa.com\/lavanderia-industrial\/?s={search_term_string}"},"query-input":{"@type":"PropertyValueSpecification","valueRequired":true,"valueName":"search_term_string"}}],"inLanguage":"es"},{"@type":"Organization","@id":"https:\/\/novinsa.com\/lavanderia-industrial\/#organization","name":"NOVINSA COMERCIAL SA","alternateName":"Lavadoras industriales para hoteles","url":"https:\/\/novinsa.com\/lavanderia-industrial\/","logo":{"@type":"ImageObject","inLanguage":"es","@id":"https:\/\/novinsa.com\/lavanderia-industrial\/#\/schema\/logo\/image\/","url":"https:\/\/novinsa.com\/lavanderia-industrial\/wp-content\/uploads\/2023\/03\/Mesa-de-trabajo-1-copia.png","contentUrl":"https:\/\/novinsa.com\/lavanderia-industrial\/wp-content\/uploads\/2023\/03\/Mesa-de-trabajo-1-copia.png","width":1201,"height":676,"caption":"NOVINSA COMERCIAL SA"},"image":{"@id":"https:\/\/novinsa.com\/lavanderia-industrial\/#\/schema\/logo\/image\/"},"sameAs":["https:\/\/www.facebook.com\/novinsa.peru","https:\/\/www.instagram.com\/novinsa.peru\/","https:\/\/www.youtube.com\/@novinsacomercials.a.9294"]}]}},"_links":{"self":[{"href":"https:\/\/novinsa.com\/lavanderia-industrial\/wp-json\/wp\/v2\/product\/6224","targetHints":{"allow":["GET"]}}],"collection":[{"href":"https:\/\/novinsa.com\/lavanderia-industrial\/wp-json\/wp\/v2\/product"}],"about":[{"href":"https:\/\/novinsa.com\/lavanderia-industrial\/wp-json\/wp\/v2\/types\/product"}],"replies":[{"embeddable":true,"href":"https:\/\/novinsa.com\/lavanderia-industrial\/wp-json\/wp\/v2\/comments?post=6224"}],"version-history":[{"count":0,"href":"https:\/\/novinsa.com\/lavanderia-industrial\/wp-json\/wp\/v2\/product\/6224\/revisions"}],"wp:featuredmedia":[{"embeddable":true,"href":"https:\/\/novinsa.com\/lavanderia-industrial\/wp-json\/wp\/v2\/media\/10325"}],"wp:attachment":[{"href":"https:\/\/novinsa.com\/lavanderia-industrial\/wp-json\/wp\/v2\/media?parent=6224"}],"wp:term":[{"taxonomy":"product_brand","embeddable":true,"href":"https:\/\/novinsa.com\/lavanderia-industrial\/wp-json\/wp\/v2\/product_brand?post=6224"},{"taxonomy":"product_cat","embeddable":true,"href":"https:\/\/novinsa.com\/lavanderia-industrial\/wp-json\/wp\/v2\/product_cat?post=6224"},{"taxonomy":"product_tag","embeddable":true,"href":"https:\/\/novinsa.com\/lavanderia-industrial\/wp-json\/wp\/v2\/product_tag?post=6224"}],"curies":[{"name":"wp","href":"https:\/\/api.w.org\/{rel}","templated":true}]}}