{"id":6251,"date":"2021-04-11T20:48:28","date_gmt":"2021-04-12T01:48:28","guid":{"rendered":"https:\/\/novinsa.com\/lavanderia-industrial\/producto\/maniqu-de-planchado\/"},"modified":"2026-02-10T03:12:19","modified_gmt":"2026-02-10T08:12:19","slug":"maniqui-de-planchado","status":"publish","type":"product","link":"https:\/\/novinsa.com\/lavanderia-industrial\/producto\/maniqui-de-planchado\/","title":{"rendered":"Maniqu\u00ed de Planchado"},"content":{"rendered":"<ul class=\"lista\">\n<li>Dispone de 19 ciclos de procesamiento completamente autom\u00e1ticos, con el ajuste de los tiempos de evaporaci\u00f3n y secado, mediante una placa electr\u00f3nica.<\/li>\n<li>El soporte de la funda con los controles correspondientes tiene un giro de 360 grados.<\/li>\n<li>Equipado con una caldera el\u00e9ctrica incorporada.<\/li>\n<li>Preparado para conectar a red exterior de agua y drenaje.<\/li>\n<li>Disponible en tres versiones: STANDARD, MAXI (para prendas particularmente largas) o MINI (para prendas de ni\u00f1os).<\/li>\n<\/ul>\n","protected":false},"excerpt":{"rendered":"<p><img decoding=\"async\" class=\"alignnone wp-image-3551\" src=\"http:\/\/novinsa.com\/lavanderia-industrial\/wp-content\/uploads\/2017\/02\/logo-vaporetas-ghidini-novinsa-comercial.png\" alt=\"\" width=\"119\" height=\"50\" \/><\/p>\n<p>Equipo especializado para planchar abrigos, chaquetas,sacos, sacones, vestidos, entre otros.<\/p>\n<p>MODELO: MAJESTIC A (Dotado de caldera incorporada)<\/p>\n<p><a href=\"http:\/\/novinsa.com\/lavanderia-industrial\/wp-content\/uploads\/2018\/04\/maniqui-planchado-ghidini-novinsa.pdf\" target=\"_blank\" rel=\"noopener noreferrer\"><strong>Descargar Ficha T\u00e9cnica<\/strong><\/a><\/p>\n","protected":false},"featured_media":10284,"comment_status":"open","ping_status":"closed","template":"","meta":{"_acf_changed":false,"site-sidebar-layout":"default","site-content-layout":"","ast-site-content-layout":"default","site-content-style":"default","site-sidebar-style":"default","ast-global-header-display":"","ast-banner-title-visibility":"","ast-main-header-display":"","ast-hfb-above-header-display":"","ast-hfb-below-header-display":"","ast-hfb-mobile-header-display":"","site-post-title":"","ast-breadcrumbs-content":"","ast-featured-img":"","footer-sml-layout":"","theme-transparent-header-meta":"default","adv-header-id-meta":"","stick-header-meta":"","header-above-stick-meta":"","header-main-stick-meta":"","header-below-stick-meta":"","astra-migrate-meta-layouts":"set","ast-page-background-enabled":"default","ast-page-background-meta":{"desktop":{"background-color":"var(--ast-global-color-4)","background-image":"","background-repeat":"repeat","background-position":"center center","background-size":"auto","background-attachment":"scroll","background-type":"","background-media":"","overlay-type":"","overlay-color":"","overlay-opacity":"","overlay-gradient":""},"tablet":{"background-color":"","background-image":"","background-repeat":"repeat","background-position":"center center","background-size":"auto","background-attachment":"scroll","background-type":"","background-media":"","overlay-type":"","overlay-color":"","overlay-opacity":"","overlay-gradient":""},"mobile":{"background-color":"","background-image":"","background-repeat":"repeat","background-position":"center center","background-size":"auto","background-attachment":"scroll","background-type":"","background-media":"","overlay-type":"","overlay-color":"","overlay-opacity":"","overlay-gradient":""}},"ast-content-background-meta":{"desktop":{"background-color":"var(--ast-global-color-5)","background-image":"","background-repeat":"repeat","background-position":"center center","background-size":"auto","background-attachment":"scroll","background-type":"","background-media":"","overlay-type":"","overlay-color":"","overlay-opacity":"","overlay-gradient":""},"tablet":{"background-color":"var(--ast-global-color-5)","background-image":"","background-repeat":"repeat","background-position":"center center","background-size":"auto","background-attachment":"scroll","background-type":"","background-media":"","overlay-type":"","overlay-color":"","overlay-opacity":"","overlay-gradient":""},"mobile":{"background-color":"var(--ast-global-color-5)","background-image":"","background-repeat":"repeat","background-position":"center center","background-size":"auto","background-attachment":"scroll","background-type":"","background-media":"","overlay-type":"","overlay-color":"","overlay-opacity":"","overlay-gradient":""}},"_joinchat":[]},"product_brand":[],"product_cat":[109,111,119,124],"product_tag":[],"class_list":{"0":"post-6251","1":"product","2":"type-product","3":"status-publish","4":"has-post-thumbnail","6":"product_cat-equipos-de-planchado","7":"product_cat-maniqui","8":"product_cat-rubro-comercial","9":"product_cat-rubro-industria-en-general","10":"desktop-align-left","11":"tablet-align-left","12":"mobile-align-left","14":"first","15":"instock","16":"shipping-taxable","17":"product-type-simple"},"acf":[],"yoast_head":"<!-- This site is optimized with the Yoast SEO plugin v27.4 - https:\/\/yoast.com\/product\/yoast-seo-wordpress\/ -->\n<title>Maniqu\u00ed de Planchado &#8211; Novinsa | Equipos de Lavander\u00eda Industrial<\/title>\n<meta name=\"robots\" content=\"index, follow, max-snippet:-1, max-image-preview:large, max-video-preview:-1\" \/>\n<link rel=\"canonical\" href=\"https:\/\/novinsa.com\/lavanderia-industrial\/producto\/maniqui-de-planchado\/\" \/>\n<meta property=\"og:locale\" content=\"es_ES\" \/>\n<meta property=\"og:type\" content=\"article\" \/>\n<meta property=\"og:title\" content=\"Maniqu\u00ed de Planchado &#8211; Novinsa | Equipos de Lavander\u00eda Industrial\" \/>\n<meta property=\"og:description\" content=\"Equipo especializado para planchar abrigos, chaquetas,sacos, sacones, vestidos, entre otros.  MODELO: MAJESTIC A (Dotado de caldera incorporada)  Descargar Ficha T\u00e9cnica\" \/>\n<meta property=\"og:url\" content=\"https:\/\/novinsa.com\/lavanderia-industrial\/producto\/maniqui-de-planchado\/\" \/>\n<meta property=\"og:site_name\" content=\"Novinsa | Equipos de Lavander\u00eda Industrial\" \/>\n<meta property=\"article:publisher\" content=\"https:\/\/www.facebook.com\/novinsa.peru\" \/>\n<meta property=\"article:modified_time\" content=\"2026-02-10T08:12:19+00:00\" \/>\n<meta property=\"og:image\" content=\"https:\/\/novinsa.com\/lavanderia-industrial\/wp-content\/uploads\/2021\/04\/maniqui.png\" \/>\n\t<meta property=\"og:image:width\" content=\"600\" \/>\n\t<meta property=\"og:image:height\" content=\"600\" \/>\n\t<meta property=\"og:image:type\" content=\"image\/png\" \/>\n<meta name=\"twitter:card\" content=\"summary_large_image\" \/>\n<meta name=\"twitter:label1\" content=\"Tiempo de lectura\" \/>\n\t<meta name=\"twitter:data1\" content=\"1 minuto\" \/>\n<script type=\"application\/ld+json\" class=\"yoast-schema-graph\">{\"@context\":\"https:\\\/\\\/schema.org\",\"@graph\":[{\"@type\":\"WebPage\",\"@id\":\"https:\\\/\\\/novinsa.com\\\/lavanderia-industrial\\\/producto\\\/maniqui-de-planchado\\\/\",\"url\":\"https:\\\/\\\/novinsa.com\\\/lavanderia-industrial\\\/producto\\\/maniqui-de-planchado\\\/\",\"name\":\"Maniqu\u00ed de Planchado &#8211; Novinsa | Equipos de Lavander\u00eda Industrial\",\"isPartOf\":{\"@id\":\"https:\\\/\\\/novinsa.com\\\/lavanderia-industrial\\\/#website\"},\"primaryImageOfPage\":{\"@id\":\"https:\\\/\\\/novinsa.com\\\/lavanderia-industrial\\\/producto\\\/maniqui-de-planchado\\\/#primaryimage\"},\"image\":{\"@id\":\"https:\\\/\\\/novinsa.com\\\/lavanderia-industrial\\\/producto\\\/maniqui-de-planchado\\\/#primaryimage\"},\"thumbnailUrl\":\"https:\\\/\\\/novinsa.com\\\/lavanderia-industrial\\\/wp-content\\\/uploads\\\/2021\\\/04\\\/maniqui.png\",\"datePublished\":\"2021-04-12T01:48:28+00:00\",\"dateModified\":\"2026-02-10T08:12:19+00:00\",\"breadcrumb\":{\"@id\":\"https:\\\/\\\/novinsa.com\\\/lavanderia-industrial\\\/producto\\\/maniqui-de-planchado\\\/#breadcrumb\"},\"inLanguage\":\"es\",\"potentialAction\":[{\"@type\":\"ReadAction\",\"target\":[\"https:\\\/\\\/novinsa.com\\\/lavanderia-industrial\\\/producto\\\/maniqui-de-planchado\\\/\"]}]},{\"@type\":\"ImageObject\",\"inLanguage\":\"es\",\"@id\":\"https:\\\/\\\/novinsa.com\\\/lavanderia-industrial\\\/producto\\\/maniqui-de-planchado\\\/#primaryimage\",\"url\":\"https:\\\/\\\/novinsa.com\\\/lavanderia-industrial\\\/wp-content\\\/uploads\\\/2021\\\/04\\\/maniqui.png\",\"contentUrl\":\"https:\\\/\\\/novinsa.com\\\/lavanderia-industrial\\\/wp-content\\\/uploads\\\/2021\\\/04\\\/maniqui.png\",\"width\":600,\"height\":600,\"caption\":\"Maniqu\u00ed de Planchado\"},{\"@type\":\"BreadcrumbList\",\"@id\":\"https:\\\/\\\/novinsa.com\\\/lavanderia-industrial\\\/producto\\\/maniqui-de-planchado\\\/#breadcrumb\",\"itemListElement\":[{\"@type\":\"ListItem\",\"position\":1,\"name\":\"Home\",\"item\":\"https:\\\/\\\/novinsa.com\\\/lavanderia-industrial\\\/\"},{\"@type\":\"ListItem\",\"position\":2,\"name\":\"Productos\",\"item\":\"https:\\\/\\\/novinsa.com\\\/lavanderia-industrial\\\/shop\\\/\"},{\"@type\":\"ListItem\",\"position\":3,\"name\":\"Maniqu\u00ed de Planchado\"}]},{\"@type\":\"WebSite\",\"@id\":\"https:\\\/\\\/novinsa.com\\\/lavanderia-industrial\\\/#website\",\"url\":\"https:\\\/\\\/novinsa.com\\\/lavanderia-industrial\\\/\",\"name\":\"Novinsa | venta equipos para lavanderia industrial\",\"description\":\"Equipamiento en Lavander\u00eda Industrial\",\"publisher\":{\"@id\":\"https:\\\/\\\/novinsa.com\\\/lavanderia-industrial\\\/#organization\"},\"alternateName\":\"Novinsa Lavadoras industriales Per\u00fa\",\"potentialAction\":[{\"@type\":\"SearchAction\",\"target\":{\"@type\":\"EntryPoint\",\"urlTemplate\":\"https:\\\/\\\/novinsa.com\\\/lavanderia-industrial\\\/?s={search_term_string}\"},\"query-input\":{\"@type\":\"PropertyValueSpecification\",\"valueRequired\":true,\"valueName\":\"search_term_string\"}}],\"inLanguage\":\"es\"},{\"@type\":\"Organization\",\"@id\":\"https:\\\/\\\/novinsa.com\\\/lavanderia-industrial\\\/#organization\",\"name\":\"NOVINSA COMERCIAL SA\",\"alternateName\":\"Lavadoras industriales para hoteles\",\"url\":\"https:\\\/\\\/novinsa.com\\\/lavanderia-industrial\\\/\",\"logo\":{\"@type\":\"ImageObject\",\"inLanguage\":\"es\",\"@id\":\"https:\\\/\\\/novinsa.com\\\/lavanderia-industrial\\\/#\\\/schema\\\/logo\\\/image\\\/\",\"url\":\"https:\\\/\\\/novinsa.com\\\/lavanderia-industrial\\\/wp-content\\\/uploads\\\/2023\\\/03\\\/Mesa-de-trabajo-1-copia.png\",\"contentUrl\":\"https:\\\/\\\/novinsa.com\\\/lavanderia-industrial\\\/wp-content\\\/uploads\\\/2023\\\/03\\\/Mesa-de-trabajo-1-copia.png\",\"width\":1201,\"height\":676,\"caption\":\"NOVINSA COMERCIAL SA\"},\"image\":{\"@id\":\"https:\\\/\\\/novinsa.com\\\/lavanderia-industrial\\\/#\\\/schema\\\/logo\\\/image\\\/\"},\"sameAs\":[\"https:\\\/\\\/www.facebook.com\\\/novinsa.peru\",\"https:\\\/\\\/www.instagram.com\\\/novinsa.peru\\\/\",\"https:\\\/\\\/www.youtube.com\\\/@novinsacomercials.a.9294\"]}]}<\/script>\n<!-- \/ Yoast SEO plugin. -->","yoast_head_json":{"title":"Maniqu\u00ed de Planchado &#8211; Novinsa | Equipos de Lavander\u00eda Industrial","robots":{"index":"index","follow":"follow","max-snippet":"max-snippet:-1","max-image-preview":"max-image-preview:large","max-video-preview":"max-video-preview:-1"},"canonical":"https:\/\/novinsa.com\/lavanderia-industrial\/producto\/maniqui-de-planchado\/","og_locale":"es_ES","og_type":"article","og_title":"Maniqu\u00ed de Planchado &#8211; Novinsa | Equipos de Lavander\u00eda Industrial","og_description":"Equipo especializado para planchar abrigos, chaquetas,sacos, sacones, vestidos, entre otros.  MODELO: MAJESTIC A (Dotado de caldera incorporada)  Descargar Ficha T\u00e9cnica","og_url":"https:\/\/novinsa.com\/lavanderia-industrial\/producto\/maniqui-de-planchado\/","og_site_name":"Novinsa | Equipos de Lavander\u00eda Industrial","article_publisher":"https:\/\/www.facebook.com\/novinsa.peru","article_modified_time":"2026-02-10T08:12:19+00:00","og_image":[{"width":600,"height":600,"url":"https:\/\/novinsa.com\/lavanderia-industrial\/wp-content\/uploads\/2021\/04\/maniqui.png","type":"image\/png"}],"twitter_card":"summary_large_image","twitter_misc":{"Tiempo de lectura":"1 minuto"},"schema":{"@context":"https:\/\/schema.org","@graph":[{"@type":"WebPage","@id":"https:\/\/novinsa.com\/lavanderia-industrial\/producto\/maniqui-de-planchado\/","url":"https:\/\/novinsa.com\/lavanderia-industrial\/producto\/maniqui-de-planchado\/","name":"Maniqu\u00ed de Planchado &#8211; Novinsa | Equipos de Lavander\u00eda Industrial","isPartOf":{"@id":"https:\/\/novinsa.com\/lavanderia-industrial\/#website"},"primaryImageOfPage":{"@id":"https:\/\/novinsa.com\/lavanderia-industrial\/producto\/maniqui-de-planchado\/#primaryimage"},"image":{"@id":"https:\/\/novinsa.com\/lavanderia-industrial\/producto\/maniqui-de-planchado\/#primaryimage"},"thumbnailUrl":"https:\/\/novinsa.com\/lavanderia-industrial\/wp-content\/uploads\/2021\/04\/maniqui.png","datePublished":"2021-04-12T01:48:28+00:00","dateModified":"2026-02-10T08:12:19+00:00","breadcrumb":{"@id":"https:\/\/novinsa.com\/lavanderia-industrial\/producto\/maniqui-de-planchado\/#breadcrumb"},"inLanguage":"es","potentialAction":[{"@type":"ReadAction","target":["https:\/\/novinsa.com\/lavanderia-industrial\/producto\/maniqui-de-planchado\/"]}]},{"@type":"ImageObject","inLanguage":"es","@id":"https:\/\/novinsa.com\/lavanderia-industrial\/producto\/maniqui-de-planchado\/#primaryimage","url":"https:\/\/novinsa.com\/lavanderia-industrial\/wp-content\/uploads\/2021\/04\/maniqui.png","contentUrl":"https:\/\/novinsa.com\/lavanderia-industrial\/wp-content\/uploads\/2021\/04\/maniqui.png","width":600,"height":600,"caption":"Maniqu\u00ed de Planchado"},{"@type":"BreadcrumbList","@id":"https:\/\/novinsa.com\/lavanderia-industrial\/producto\/maniqui-de-planchado\/#breadcrumb","itemListElement":[{"@type":"ListItem","position":1,"name":"Home","item":"https:\/\/novinsa.com\/lavanderia-industrial\/"},{"@type":"ListItem","position":2,"name":"Productos","item":"https:\/\/novinsa.com\/lavanderia-industrial\/shop\/"},{"@type":"ListItem","position":3,"name":"Maniqu\u00ed de Planchado"}]},{"@type":"WebSite","@id":"https:\/\/novinsa.com\/lavanderia-industrial\/#website","url":"https:\/\/novinsa.com\/lavanderia-industrial\/","name":"Novinsa | venta equipos para lavanderia industrial","description":"Equipamiento en Lavander\u00eda Industrial","publisher":{"@id":"https:\/\/novinsa.com\/lavanderia-industrial\/#organization"},"alternateName":"Novinsa Lavadoras industriales Per\u00fa","potentialAction":[{"@type":"SearchAction","target":{"@type":"EntryPoint","urlTemplate":"https:\/\/novinsa.com\/lavanderia-industrial\/?s={search_term_string}"},"query-input":{"@type":"PropertyValueSpecification","valueRequired":true,"valueName":"search_term_string"}}],"inLanguage":"es"},{"@type":"Organization","@id":"https:\/\/novinsa.com\/lavanderia-industrial\/#organization","name":"NOVINSA COMERCIAL SA","alternateName":"Lavadoras industriales para hoteles","url":"https:\/\/novinsa.com\/lavanderia-industrial\/","logo":{"@type":"ImageObject","inLanguage":"es","@id":"https:\/\/novinsa.com\/lavanderia-industrial\/#\/schema\/logo\/image\/","url":"https:\/\/novinsa.com\/lavanderia-industrial\/wp-content\/uploads\/2023\/03\/Mesa-de-trabajo-1-copia.png","contentUrl":"https:\/\/novinsa.com\/lavanderia-industrial\/wp-content\/uploads\/2023\/03\/Mesa-de-trabajo-1-copia.png","width":1201,"height":676,"caption":"NOVINSA COMERCIAL SA"},"image":{"@id":"https:\/\/novinsa.com\/lavanderia-industrial\/#\/schema\/logo\/image\/"},"sameAs":["https:\/\/www.facebook.com\/novinsa.peru","https:\/\/www.instagram.com\/novinsa.peru\/","https:\/\/www.youtube.com\/@novinsacomercials.a.9294"]}]}},"_links":{"self":[{"href":"https:\/\/novinsa.com\/lavanderia-industrial\/wp-json\/wp\/v2\/product\/6251","targetHints":{"allow":["GET"]}}],"collection":[{"href":"https:\/\/novinsa.com\/lavanderia-industrial\/wp-json\/wp\/v2\/product"}],"about":[{"href":"https:\/\/novinsa.com\/lavanderia-industrial\/wp-json\/wp\/v2\/types\/product"}],"replies":[{"embeddable":true,"href":"https:\/\/novinsa.com\/lavanderia-industrial\/wp-json\/wp\/v2\/comments?post=6251"}],"version-history":[{"count":0,"href":"https:\/\/novinsa.com\/lavanderia-industrial\/wp-json\/wp\/v2\/product\/6251\/revisions"}],"wp:featuredmedia":[{"embeddable":true,"href":"https:\/\/novinsa.com\/lavanderia-industrial\/wp-json\/wp\/v2\/media\/10284"}],"wp:attachment":[{"href":"https:\/\/novinsa.com\/lavanderia-industrial\/wp-json\/wp\/v2\/media?parent=6251"}],"wp:term":[{"taxonomy":"product_brand","embeddable":true,"href":"https:\/\/novinsa.com\/lavanderia-industrial\/wp-json\/wp\/v2\/product_brand?post=6251"},{"taxonomy":"product_cat","embeddable":true,"href":"https:\/\/novinsa.com\/lavanderia-industrial\/wp-json\/wp\/v2\/product_cat?post=6251"},{"taxonomy":"product_tag","embeddable":true,"href":"https:\/\/novinsa.com\/lavanderia-industrial\/wp-json\/wp\/v2\/product_tag?post=6251"}],"curies":[{"name":"wp","href":"https:\/\/api.w.org\/{rel}","templated":true}]}}