{"id":8009,"date":"2020-06-27T17:07:37","date_gmt":"2020-06-27T22:07:37","guid":{"rendered":"http:\/\/novinsa.com\/lavanderia-industrial\/?post_type=product&#038;p=8009"},"modified":"2024-08-27T12:30:52","modified_gmt":"2024-08-27T17:30:52","slug":"dosificador-digital-de-04-bombas","status":"publish","type":"product","link":"https:\/\/novinsa.com\/lavanderia-industrial\/producto\/dosificador-digital-de-04-bombas\/","title":{"rendered":"Dosificador digital de 04 bombas"},"content":{"rendered":"<p><strong>TRITON 4X20 L\/H DOSIFICADOR DIGITAL<\/strong><\/p>\n<p>\ud83d\uddf8 Uso para lavadoras industriales de hasta 30 KG de capacidad.<br \/>\n\ud83d\uddf8 Con colectores de barrido montados, y sus respectivas lanzas de aspiraci\u00f3n.<br \/>\n\ud83d\uddf8 Controlador electr\u00f3nico para una dosificaci\u00f3n precisa en cualquier m\u00e1quina lavadora.<br \/>\n\ud83d\uddf8 Activaci\u00f3n de hasta 4 bombas dosificadoras, para todo tipo de qu\u00edmicos.<br \/>\n\ud83d\uddf8 04 se\u00f1ales de entrada, una para cada bomba dosificadora.<br \/>\n\ud83d\uddf8 V\u00e1lvula antirretorno de barrido.<br \/>\n\ud83d\uddf8 Tiempo de retardo entre bombas.<br \/>\n\ud83d\uddf8 Selecci\u00f3n autom\u00e1tica o manual del programa de lavado.<br \/>\n\ud83d\uddf8 Anulaci\u00f3n de se\u00f1ales procedentes de la lavadora.<br \/>\n\ud83d\uddf8 Registro de incidencias para una r\u00e1pida y f\u00e1cil detecci\u00f3n y soluci\u00f3n de problemas.<br \/>\n\ud83d\uddf8 Hist\u00f3rico de ciclos de lavado y consumo detallado por programa y producto de los \u00faltimos 12 meses.<br \/>\n\ud83d\uddf8 Comunicaci\u00f3n directa o v\u00eda modem con el software LAVnet para la programaci\u00f3n, extracci\u00f3n de datos y monitoreo de funcionamiento.<br \/>\n\ud83d\uddf8 Con password para evitar la manipulaci\u00f3n del equipo por personal no autorizado.<br \/>\n\ud83d\uddf8 Tensi\u00f3n configurable de las se\u00f1ales de entrada: 24V &#8211; 230\u00a0 V \/ 6 0 H z \/ monof\u00e1sico.<\/p>\n","protected":false},"excerpt":{"rendered":"<p>TRITON 4X20 L\/H DOSIFICADOR DIGITAL \ud83d\uddf8 Uso para lavadoras industriales de hasta 30 KG de capacidad. \ud83d\uddf8 Con colectores de barrido montados, y sus respectivas lanzas de aspiraci\u00f3n. \ud83d\uddf8 Controlador electr\u00f3nico para una dosificaci\u00f3n precisa en cualquier m\u00e1quina lavadora. \ud83d\uddf8 Activaci\u00f3n de hasta 4 bombas dosificadoras, para todo tipo de qu\u00edmicos. \ud83d\uddf8 04 se\u00f1ales de entrada, una para cada bomba dosificadora. \ud83d\uddf8 V\u00e1lvula antirretorno de barrido. \ud83d\uddf8 Tiempo de retardo entre bombas. \ud83d\uddf8 Selecci\u00f3n autom\u00e1tica o manual del programa de lavado. \ud83d\uddf8 Anulaci\u00f3n de se\u00f1ales procedentes de la lavadora. \ud83d\uddf8 Registro de incidencias para una r\u00e1pida y f\u00e1cil detecci\u00f3n y soluci\u00f3n de problemas. \ud83d\uddf8 Hist\u00f3rico de ciclos de lavado y consumo detallado por programa y producto de los \u00faltimos 12 meses. \ud83d\uddf8 Comunicaci\u00f3n directa o v\u00eda modem con el software LAVnet para la programaci\u00f3n, extracci\u00f3n de datos y monitoreo de funcionamiento. \ud83d\uddf8 Con password para evitar la manipulaci\u00f3n del equipo por personal no autorizado. \ud83d\uddf8 Tensi\u00f3n configurable de las se\u00f1ales de entrada: 24V &#8211; 230\u00a0 V \/ 6 0 H z \/ monof\u00e1sico.<\/p>\n","protected":false},"featured_media":9570,"comment_status":"open","ping_status":"closed","template":"","meta":{"_acf_changed":false,"site-sidebar-layout":"default","site-content-layout":"default","ast-site-content-layout":"","site-content-style":"default","site-sidebar-style":"default","ast-global-header-display":"","ast-banner-title-visibility":"","ast-main-header-display":"","ast-hfb-above-header-display":"","ast-hfb-below-header-display":"","ast-hfb-mobile-header-display":"","site-post-title":"","ast-breadcrumbs-content":"","ast-featured-img":"","footer-sml-layout":"","theme-transparent-header-meta":"default","adv-header-id-meta":"","stick-header-meta":"","header-above-stick-meta":"","header-main-stick-meta":"","header-below-stick-meta":"","astra-migrate-meta-layouts":"default","ast-page-background-enabled":"default","ast-page-background-meta":{"desktop":{"background-color":"var(--ast-global-color-4)","background-image":"","background-repeat":"repeat","background-position":"center center","background-size":"auto","background-attachment":"scroll","background-type":"","background-media":"","overlay-type":"","overlay-color":"","overlay-opacity":"","overlay-gradient":""},"tablet":{"background-color":"","background-image":"","background-repeat":"repeat","background-position":"center center","background-size":"auto","background-attachment":"scroll","background-type":"","background-media":"","overlay-type":"","overlay-color":"","overlay-opacity":"","overlay-gradient":""},"mobile":{"background-color":"","background-image":"","background-repeat":"repeat","background-position":"center center","background-size":"auto","background-attachment":"scroll","background-type":"","background-media":"","overlay-type":"","overlay-color":"","overlay-opacity":"","overlay-gradient":""}},"ast-content-background-meta":{"desktop":{"background-color":"var(--ast-global-color-5)","background-image":"","background-repeat":"repeat","background-position":"center center","background-size":"auto","background-attachment":"scroll","background-type":"","background-media":"","overlay-type":"","overlay-color":"","overlay-opacity":"","overlay-gradient":""},"tablet":{"background-color":"var(--ast-global-color-5)","background-image":"","background-repeat":"repeat","background-position":"center center","background-size":"auto","background-attachment":"scroll","background-type":"","background-media":"","overlay-type":"","overlay-color":"","overlay-opacity":"","overlay-gradient":""},"mobile":{"background-color":"var(--ast-global-color-5)","background-image":"","background-repeat":"repeat","background-position":"center center","background-size":"auto","background-attachment":"scroll","background-type":"","background-media":"","overlay-type":"","overlay-color":"","overlay-opacity":"","overlay-gradient":""}},"_joinchat":[]},"product_brand":[],"product_cat":[100,125],"product_tag":[],"class_list":{"0":"post-8009","1":"product","2":"type-product","3":"status-publish","4":"has-post-thumbnail","6":"product_cat-complementos","7":"product_cat-dosificadores","8":"desktop-align-left","9":"tablet-align-left","10":"mobile-align-left","12":"first","13":"instock","14":"shipping-taxable","15":"product-type-simple"},"acf":[],"yoast_head":"<!-- This site is optimized with the Yoast SEO plugin v27.4 - https:\/\/yoast.com\/product\/yoast-seo-wordpress\/ -->\n<title>Dosificador digital de 04 bombas &#8211; Novinsa | Equipos de Lavander\u00eda Industrial<\/title>\n<meta name=\"robots\" content=\"index, follow, max-snippet:-1, max-image-preview:large, max-video-preview:-1\" \/>\n<link rel=\"canonical\" href=\"https:\/\/novinsa.com\/lavanderia-industrial\/producto\/dosificador-digital-de-04-bombas\/\" \/>\n<meta property=\"og:locale\" content=\"es_ES\" \/>\n<meta property=\"og:type\" content=\"article\" \/>\n<meta property=\"og:title\" content=\"Dosificador digital de 04 bombas &#8211; Novinsa | Equipos de Lavander\u00eda Industrial\" \/>\n<meta property=\"og:description\" content=\"TRITON 4X20 L\/H DOSIFICADOR DIGITAL \ud83d\uddf8 Uso para lavadoras industriales de hasta 30 KG de capacidad. \ud83d\uddf8 Con colectores de barrido montados, y sus respectivas lanzas de aspiraci\u00f3n. \ud83d\uddf8 Controlador electr\u00f3nico para una dosificaci\u00f3n precisa en cualquier m\u00e1quina lavadora. \ud83d\uddf8 Activaci\u00f3n de hasta 4 bombas dosificadoras, para todo tipo de qu\u00edmicos. \ud83d\uddf8 04 se\u00f1ales de entrada, una para cada bomba dosificadora. \ud83d\uddf8 V\u00e1lvula antirretorno de barrido. \ud83d\uddf8 Tiempo de retardo entre bombas. \ud83d\uddf8 Selecci\u00f3n autom\u00e1tica o manual del programa de lavado. \ud83d\uddf8 Anulaci\u00f3n de se\u00f1ales procedentes de la lavadora. \ud83d\uddf8 Registro de incidencias para una r\u00e1pida y f\u00e1cil detecci\u00f3n y soluci\u00f3n de problemas. \ud83d\uddf8 Hist\u00f3rico de ciclos de lavado y consumo detallado por programa y producto de los \u00faltimos 12 meses. \ud83d\uddf8 Comunicaci\u00f3n directa o v\u00eda modem con el software LAVnet para la programaci\u00f3n, extracci\u00f3n de datos y monitoreo de funcionamiento. \ud83d\uddf8 Con password para evitar la manipulaci\u00f3n del equipo por personal no autorizado. \ud83d\uddf8 Tensi\u00f3n configurable de las se\u00f1ales de entrada: 24V &#8211; 230\u00a0 V \/ 6 0 H z \/ monof\u00e1sico.\" \/>\n<meta property=\"og:url\" content=\"https:\/\/novinsa.com\/lavanderia-industrial\/producto\/dosificador-digital-de-04-bombas\/\" \/>\n<meta property=\"og:site_name\" content=\"Novinsa | Equipos de Lavander\u00eda Industrial\" \/>\n<meta property=\"article:publisher\" content=\"https:\/\/www.facebook.com\/novinsa.peru\" \/>\n<meta property=\"article:modified_time\" content=\"2024-08-27T17:30:52+00:00\" \/>\n<meta property=\"og:image\" content=\"https:\/\/novinsa.com\/lavanderia-industrial\/wp-content\/uploads\/2020\/06\/dosi4.png\" \/>\n\t<meta property=\"og:image:width\" content=\"601\" \/>\n\t<meta property=\"og:image:height\" content=\"601\" \/>\n\t<meta property=\"og:image:type\" content=\"image\/png\" \/>\n<meta name=\"twitter:card\" content=\"summary_large_image\" \/>\n<meta name=\"twitter:label1\" content=\"Tiempo de lectura\" \/>\n\t<meta name=\"twitter:data1\" content=\"1 minuto\" \/>\n<script type=\"application\/ld+json\" class=\"yoast-schema-graph\">{\"@context\":\"https:\\\/\\\/schema.org\",\"@graph\":[{\"@type\":\"WebPage\",\"@id\":\"https:\\\/\\\/novinsa.com\\\/lavanderia-industrial\\\/producto\\\/dosificador-digital-de-04-bombas\\\/\",\"url\":\"https:\\\/\\\/novinsa.com\\\/lavanderia-industrial\\\/producto\\\/dosificador-digital-de-04-bombas\\\/\",\"name\":\"Dosificador digital de 04 bombas &#8211; Novinsa | Equipos de Lavander\u00eda Industrial\",\"isPartOf\":{\"@id\":\"https:\\\/\\\/novinsa.com\\\/lavanderia-industrial\\\/#website\"},\"primaryImageOfPage\":{\"@id\":\"https:\\\/\\\/novinsa.com\\\/lavanderia-industrial\\\/producto\\\/dosificador-digital-de-04-bombas\\\/#primaryimage\"},\"image\":{\"@id\":\"https:\\\/\\\/novinsa.com\\\/lavanderia-industrial\\\/producto\\\/dosificador-digital-de-04-bombas\\\/#primaryimage\"},\"thumbnailUrl\":\"https:\\\/\\\/novinsa.com\\\/lavanderia-industrial\\\/wp-content\\\/uploads\\\/2020\\\/06\\\/dosi4.png\",\"datePublished\":\"2020-06-27T22:07:37+00:00\",\"dateModified\":\"2024-08-27T17:30:52+00:00\",\"breadcrumb\":{\"@id\":\"https:\\\/\\\/novinsa.com\\\/lavanderia-industrial\\\/producto\\\/dosificador-digital-de-04-bombas\\\/#breadcrumb\"},\"inLanguage\":\"es\",\"potentialAction\":[{\"@type\":\"ReadAction\",\"target\":[\"https:\\\/\\\/novinsa.com\\\/lavanderia-industrial\\\/producto\\\/dosificador-digital-de-04-bombas\\\/\"]}]},{\"@type\":\"ImageObject\",\"inLanguage\":\"es\",\"@id\":\"https:\\\/\\\/novinsa.com\\\/lavanderia-industrial\\\/producto\\\/dosificador-digital-de-04-bombas\\\/#primaryimage\",\"url\":\"https:\\\/\\\/novinsa.com\\\/lavanderia-industrial\\\/wp-content\\\/uploads\\\/2020\\\/06\\\/dosi4.png\",\"contentUrl\":\"https:\\\/\\\/novinsa.com\\\/lavanderia-industrial\\\/wp-content\\\/uploads\\\/2020\\\/06\\\/dosi4.png\",\"width\":601,\"height\":601,\"caption\":\"Dosificador digital de 04 bombas\"},{\"@type\":\"BreadcrumbList\",\"@id\":\"https:\\\/\\\/novinsa.com\\\/lavanderia-industrial\\\/producto\\\/dosificador-digital-de-04-bombas\\\/#breadcrumb\",\"itemListElement\":[{\"@type\":\"ListItem\",\"position\":1,\"name\":\"Home\",\"item\":\"https:\\\/\\\/novinsa.com\\\/lavanderia-industrial\\\/\"},{\"@type\":\"ListItem\",\"position\":2,\"name\":\"Productos\",\"item\":\"https:\\\/\\\/novinsa.com\\\/lavanderia-industrial\\\/shop\\\/\"},{\"@type\":\"ListItem\",\"position\":3,\"name\":\"Dosificador digital de 04 bombas\"}]},{\"@type\":\"WebSite\",\"@id\":\"https:\\\/\\\/novinsa.com\\\/lavanderia-industrial\\\/#website\",\"url\":\"https:\\\/\\\/novinsa.com\\\/lavanderia-industrial\\\/\",\"name\":\"Novinsa | venta equipos para lavanderia industrial\",\"description\":\"Equipamiento en Lavander\u00eda Industrial\",\"publisher\":{\"@id\":\"https:\\\/\\\/novinsa.com\\\/lavanderia-industrial\\\/#organization\"},\"alternateName\":\"Novinsa Lavadoras industriales Per\u00fa\",\"potentialAction\":[{\"@type\":\"SearchAction\",\"target\":{\"@type\":\"EntryPoint\",\"urlTemplate\":\"https:\\\/\\\/novinsa.com\\\/lavanderia-industrial\\\/?s={search_term_string}\"},\"query-input\":{\"@type\":\"PropertyValueSpecification\",\"valueRequired\":true,\"valueName\":\"search_term_string\"}}],\"inLanguage\":\"es\"},{\"@type\":\"Organization\",\"@id\":\"https:\\\/\\\/novinsa.com\\\/lavanderia-industrial\\\/#organization\",\"name\":\"NOVINSA COMERCIAL SA\",\"alternateName\":\"Lavadoras industriales para hoteles\",\"url\":\"https:\\\/\\\/novinsa.com\\\/lavanderia-industrial\\\/\",\"logo\":{\"@type\":\"ImageObject\",\"inLanguage\":\"es\",\"@id\":\"https:\\\/\\\/novinsa.com\\\/lavanderia-industrial\\\/#\\\/schema\\\/logo\\\/image\\\/\",\"url\":\"https:\\\/\\\/novinsa.com\\\/lavanderia-industrial\\\/wp-content\\\/uploads\\\/2023\\\/03\\\/Mesa-de-trabajo-1-copia.png\",\"contentUrl\":\"https:\\\/\\\/novinsa.com\\\/lavanderia-industrial\\\/wp-content\\\/uploads\\\/2023\\\/03\\\/Mesa-de-trabajo-1-copia.png\",\"width\":1201,\"height\":676,\"caption\":\"NOVINSA COMERCIAL SA\"},\"image\":{\"@id\":\"https:\\\/\\\/novinsa.com\\\/lavanderia-industrial\\\/#\\\/schema\\\/logo\\\/image\\\/\"},\"sameAs\":[\"https:\\\/\\\/www.facebook.com\\\/novinsa.peru\",\"https:\\\/\\\/www.instagram.com\\\/novinsa.peru\\\/\",\"https:\\\/\\\/www.youtube.com\\\/@novinsacomercials.a.9294\"]}]}<\/script>\n<!-- \/ Yoast SEO plugin. -->","yoast_head_json":{"title":"Dosificador digital de 04 bombas &#8211; Novinsa | Equipos de Lavander\u00eda Industrial","robots":{"index":"index","follow":"follow","max-snippet":"max-snippet:-1","max-image-preview":"max-image-preview:large","max-video-preview":"max-video-preview:-1"},"canonical":"https:\/\/novinsa.com\/lavanderia-industrial\/producto\/dosificador-digital-de-04-bombas\/","og_locale":"es_ES","og_type":"article","og_title":"Dosificador digital de 04 bombas &#8211; Novinsa | Equipos de Lavander\u00eda Industrial","og_description":"TRITON 4X20 L\/H DOSIFICADOR DIGITAL \ud83d\uddf8 Uso para lavadoras industriales de hasta 30 KG de capacidad. \ud83d\uddf8 Con colectores de barrido montados, y sus respectivas lanzas de aspiraci\u00f3n. \ud83d\uddf8 Controlador electr\u00f3nico para una dosificaci\u00f3n precisa en cualquier m\u00e1quina lavadora. \ud83d\uddf8 Activaci\u00f3n de hasta 4 bombas dosificadoras, para todo tipo de qu\u00edmicos. \ud83d\uddf8 04 se\u00f1ales de entrada, una para cada bomba dosificadora. \ud83d\uddf8 V\u00e1lvula antirretorno de barrido. \ud83d\uddf8 Tiempo de retardo entre bombas. \ud83d\uddf8 Selecci\u00f3n autom\u00e1tica o manual del programa de lavado. \ud83d\uddf8 Anulaci\u00f3n de se\u00f1ales procedentes de la lavadora. \ud83d\uddf8 Registro de incidencias para una r\u00e1pida y f\u00e1cil detecci\u00f3n y soluci\u00f3n de problemas. \ud83d\uddf8 Hist\u00f3rico de ciclos de lavado y consumo detallado por programa y producto de los \u00faltimos 12 meses. \ud83d\uddf8 Comunicaci\u00f3n directa o v\u00eda modem con el software LAVnet para la programaci\u00f3n, extracci\u00f3n de datos y monitoreo de funcionamiento. \ud83d\uddf8 Con password para evitar la manipulaci\u00f3n del equipo por personal no autorizado. \ud83d\uddf8 Tensi\u00f3n configurable de las se\u00f1ales de entrada: 24V &#8211; 230\u00a0 V \/ 6 0 H z \/ monof\u00e1sico.","og_url":"https:\/\/novinsa.com\/lavanderia-industrial\/producto\/dosificador-digital-de-04-bombas\/","og_site_name":"Novinsa | Equipos de Lavander\u00eda Industrial","article_publisher":"https:\/\/www.facebook.com\/novinsa.peru","article_modified_time":"2024-08-27T17:30:52+00:00","og_image":[{"width":601,"height":601,"url":"https:\/\/novinsa.com\/lavanderia-industrial\/wp-content\/uploads\/2020\/06\/dosi4.png","type":"image\/png"}],"twitter_card":"summary_large_image","twitter_misc":{"Tiempo de lectura":"1 minuto"},"schema":{"@context":"https:\/\/schema.org","@graph":[{"@type":"WebPage","@id":"https:\/\/novinsa.com\/lavanderia-industrial\/producto\/dosificador-digital-de-04-bombas\/","url":"https:\/\/novinsa.com\/lavanderia-industrial\/producto\/dosificador-digital-de-04-bombas\/","name":"Dosificador digital de 04 bombas &#8211; Novinsa | Equipos de Lavander\u00eda Industrial","isPartOf":{"@id":"https:\/\/novinsa.com\/lavanderia-industrial\/#website"},"primaryImageOfPage":{"@id":"https:\/\/novinsa.com\/lavanderia-industrial\/producto\/dosificador-digital-de-04-bombas\/#primaryimage"},"image":{"@id":"https:\/\/novinsa.com\/lavanderia-industrial\/producto\/dosificador-digital-de-04-bombas\/#primaryimage"},"thumbnailUrl":"https:\/\/novinsa.com\/lavanderia-industrial\/wp-content\/uploads\/2020\/06\/dosi4.png","datePublished":"2020-06-27T22:07:37+00:00","dateModified":"2024-08-27T17:30:52+00:00","breadcrumb":{"@id":"https:\/\/novinsa.com\/lavanderia-industrial\/producto\/dosificador-digital-de-04-bombas\/#breadcrumb"},"inLanguage":"es","potentialAction":[{"@type":"ReadAction","target":["https:\/\/novinsa.com\/lavanderia-industrial\/producto\/dosificador-digital-de-04-bombas\/"]}]},{"@type":"ImageObject","inLanguage":"es","@id":"https:\/\/novinsa.com\/lavanderia-industrial\/producto\/dosificador-digital-de-04-bombas\/#primaryimage","url":"https:\/\/novinsa.com\/lavanderia-industrial\/wp-content\/uploads\/2020\/06\/dosi4.png","contentUrl":"https:\/\/novinsa.com\/lavanderia-industrial\/wp-content\/uploads\/2020\/06\/dosi4.png","width":601,"height":601,"caption":"Dosificador digital de 04 bombas"},{"@type":"BreadcrumbList","@id":"https:\/\/novinsa.com\/lavanderia-industrial\/producto\/dosificador-digital-de-04-bombas\/#breadcrumb","itemListElement":[{"@type":"ListItem","position":1,"name":"Home","item":"https:\/\/novinsa.com\/lavanderia-industrial\/"},{"@type":"ListItem","position":2,"name":"Productos","item":"https:\/\/novinsa.com\/lavanderia-industrial\/shop\/"},{"@type":"ListItem","position":3,"name":"Dosificador digital de 04 bombas"}]},{"@type":"WebSite","@id":"https:\/\/novinsa.com\/lavanderia-industrial\/#website","url":"https:\/\/novinsa.com\/lavanderia-industrial\/","name":"Novinsa | venta equipos para lavanderia industrial","description":"Equipamiento en Lavander\u00eda Industrial","publisher":{"@id":"https:\/\/novinsa.com\/lavanderia-industrial\/#organization"},"alternateName":"Novinsa Lavadoras industriales Per\u00fa","potentialAction":[{"@type":"SearchAction","target":{"@type":"EntryPoint","urlTemplate":"https:\/\/novinsa.com\/lavanderia-industrial\/?s={search_term_string}"},"query-input":{"@type":"PropertyValueSpecification","valueRequired":true,"valueName":"search_term_string"}}],"inLanguage":"es"},{"@type":"Organization","@id":"https:\/\/novinsa.com\/lavanderia-industrial\/#organization","name":"NOVINSA COMERCIAL SA","alternateName":"Lavadoras industriales para hoteles","url":"https:\/\/novinsa.com\/lavanderia-industrial\/","logo":{"@type":"ImageObject","inLanguage":"es","@id":"https:\/\/novinsa.com\/lavanderia-industrial\/#\/schema\/logo\/image\/","url":"https:\/\/novinsa.com\/lavanderia-industrial\/wp-content\/uploads\/2023\/03\/Mesa-de-trabajo-1-copia.png","contentUrl":"https:\/\/novinsa.com\/lavanderia-industrial\/wp-content\/uploads\/2023\/03\/Mesa-de-trabajo-1-copia.png","width":1201,"height":676,"caption":"NOVINSA COMERCIAL SA"},"image":{"@id":"https:\/\/novinsa.com\/lavanderia-industrial\/#\/schema\/logo\/image\/"},"sameAs":["https:\/\/www.facebook.com\/novinsa.peru","https:\/\/www.instagram.com\/novinsa.peru\/","https:\/\/www.youtube.com\/@novinsacomercials.a.9294"]}]}},"_links":{"self":[{"href":"https:\/\/novinsa.com\/lavanderia-industrial\/wp-json\/wp\/v2\/product\/8009","targetHints":{"allow":["GET"]}}],"collection":[{"href":"https:\/\/novinsa.com\/lavanderia-industrial\/wp-json\/wp\/v2\/product"}],"about":[{"href":"https:\/\/novinsa.com\/lavanderia-industrial\/wp-json\/wp\/v2\/types\/product"}],"replies":[{"embeddable":true,"href":"https:\/\/novinsa.com\/lavanderia-industrial\/wp-json\/wp\/v2\/comments?post=8009"}],"version-history":[{"count":0,"href":"https:\/\/novinsa.com\/lavanderia-industrial\/wp-json\/wp\/v2\/product\/8009\/revisions"}],"wp:featuredmedia":[{"embeddable":true,"href":"https:\/\/novinsa.com\/lavanderia-industrial\/wp-json\/wp\/v2\/media\/9570"}],"wp:attachment":[{"href":"https:\/\/novinsa.com\/lavanderia-industrial\/wp-json\/wp\/v2\/media?parent=8009"}],"wp:term":[{"taxonomy":"product_brand","embeddable":true,"href":"https:\/\/novinsa.com\/lavanderia-industrial\/wp-json\/wp\/v2\/product_brand?post=8009"},{"taxonomy":"product_cat","embeddable":true,"href":"https:\/\/novinsa.com\/lavanderia-industrial\/wp-json\/wp\/v2\/product_cat?post=8009"},{"taxonomy":"product_tag","embeddable":true,"href":"https:\/\/novinsa.com\/lavanderia-industrial\/wp-json\/wp\/v2\/product_tag?post=8009"}],"curies":[{"name":"wp","href":"https:\/\/api.w.org\/{rel}","templated":true}]}}